{"id":4357,"date":"2022-03-02T11:57:01","date_gmt":"2022-03-02T11:57:01","guid":{"rendered":"https:\/\/www.reviforex.com\/?page_id=4357"},"modified":"2022-03-02T11:58:59","modified_gmt":"2022-03-02T11:58:59","slug":"te-ayudamos-a-escoger-un-broker","status":"publish","type":"page","link":"https:\/\/www.reviforex.com\/es\/como-elegir-broker\/","title":{"rendered":"Te ayudamos a escoger un broker"},"content":{"rendered":"<div class=\"wpb_text_column wpb_content_element vc_custom_1591269754021\">\n<div class=\"wpb_wrapper\">\n<p>En este apartado te daremos diferentes consejos para elegir un broker y no morir en el intento. Hemos creado esta lista de consejos y tips, o pasos a seguir, de la manera m\u00e1s sencilla y f\u00e1cil de comprender posible. Sin ir m\u00e1s lejos, estos son los puntos que deber\u00edas tener en cuenta a la hora de elegir un broker:<\/p>\n<p><em><strong>1. Historia del broker &#8211; Trayectoria<\/strong><\/em>: \u00bfCu\u00e1ntos a\u00f1os llevan activos? \u00bfQui\u00e9nes fundaron el broker? \u00bfEst\u00e1n constituidos como empresa donde dicen que lo est\u00e1n? No es lo mismo un broker que lleva 15 a\u00f1os de trayectoria como broker, a uno que lleva 0. Punto importante a tener en cuenta.<\/p>\n<p><em><strong>2. Soporte 24 \/ 7 (soporte 24 horas, los 7 d\u00edas de la semana)<\/strong><\/em>: \u00bfel broker ofrece servicio de atenci\u00f3n al cliente las 24 horas todos los d\u00edas de la semana? Si tienes cualquier tipo de problemas con tu cuenta de trading, en cualquier momento es muy importante poder contactar con el servicio de atenci\u00f3n al cliente r\u00e1pidamente, y mejor a\u00fan si el servicio de atenci\u00f3n al cliente se encuentra disponible todos los d\u00edas, las 24 horas.<\/p>\n<p>Este punto tal vez el m\u00e1s importante de esta lista, pero es una muy buena idea considerarlo y tenerlo en mente a la hora de elegir un buen broker.<\/p>\n<p><em><strong>3. Rese\u00f1as, opiniones, reputaci\u00f3n en internet del broker<\/strong><\/em>: ve a Google y haz algunas b\u00fasquedas sobre el broker. Lee opiniones de clientes, comentarios, comentarios en foros y sitios webs especializados en el tema. A veces es dif\u00edcil diferenciar rese\u00f1as reales, rese\u00f1as de la competencia o en algunos casos el broker no tendr\u00e1 rese\u00f1a alguna en internet, esto tampoco es una buena se\u00f1al ya que en ese caso estamos hablando de un broker que no lleva tiempo en el mercado.<\/p>\n<p>\u00bfEl broker tiene quejas? \u00bfSe toma el tiempo de responder las quejas?<\/p>\n<p><em><strong>4. Plataforma de Trading<\/strong><\/em>: \u00bfEs la plataforma MT4, MT5? \u00bfcTrader? Estas son algunas de las plataformas m\u00e1s populares, mejor usar alguna de estas. Algunos brokers tambi\u00e9n ofrecen sus propias (tambi\u00e9n llamadas plataformas In-house). Si bien hay otras plataformas tambi\u00e9n conocidas y respetables (Ninja Trader, Sirix, etc.) en nuestra opini\u00f3n lo mejor es alguna de las plataformas m\u00e1s populares, antes mencionadas.<\/p>\n<p><em><strong>5. Broker Market Maker o ECN<\/strong><\/em>: este es un punto muy importante, ya que aqu\u00ed hablamos de un posible conflicto de intereses. Si el broker con el que trabajas es un Market Maker, pues este tipo de brokers gana dinero cuando tu lo pierdes. \u00bfEntiendes el conflicto de intereses? Tambi\u00e9n existen los brokers que son Market Maker como tambi\u00e9n son ECN. En el caso de los brokers ECN, el broker simplemente facilita tus operaciones y gana dinero de los spreads y las comisiones.<\/p>\n<p>Ellos s\u00ed env\u00edan tus operaciones al mercado real y a la liquidez y estar\u00e1s operando en los mercados reales.<\/p>\n<p><em><strong>6. Locaci\u00f3n del broker<\/strong><\/em>: comprobar la ubicaci\u00f3n del broker. Esto tambi\u00e9n va de la mano con un punto que mencionaremos m\u00e1s adelante: la regulaci\u00f3n. Si el broker menciona tener regulaci\u00f3n en Reino Unido, es porque tendr\u00e1 tambi\u00e9n base de Reino Unido. Si menciona tener regulaci\u00f3n en Reino Unido y tiene base en Islas Caim\u00e1n, sabremos que hay algo que no est\u00e1 bien.<\/p>\n<p>Lo mismo sucede en caso de que el broker no menciona su ubicaci\u00f3n o que menciona tener regulaci\u00f3n de Estados Unidos y no menciona su ubicaci\u00f3n, esto no tiene ning\u00fan sentido. Los brokers serios siempre mencionan su ubicaci\u00f3n y su regulaci\u00f3n, la falta de transparencia con este tipo de datos (muy importantes) es una se\u00f1al muy negativa que deber\u00eda prender nuestras alarmas y evitar este broker.<\/p>\n<p><em><strong>7. Entrenamiento o Recursos<\/strong><\/em>: \u00bfel broker ofrece entrenamientos, ebooks, webinarios, recursos? Este factor es importante, si bien no es un factor decisivo creemos que se sobre todo interesante para traders que est\u00e1n dando sus primeros pasos en el mundo de las inversiones. Est\u00e1 muy bien tener recursos, herramientas, y hasta algunos webinarios o charlas.<\/p>\n<p><em><strong>8. Regulaci\u00f3n<\/strong><\/em>: asegurarse que el broker sea uno que cuente con regulaci\u00f3n. Algunos consejos sobre la regulaci\u00f3n, que se encuentre regulado en tu pa\u00eds es una buena idea. Al mismo tiempo te mencionamos algunos de los mejores reguladores en nuestra opini\u00f3n:\u00a0<a href=\"https:\/\/www.bafin.de\/EN\/Homepage\/homepage_node.html\">Alemania<\/a>,\u00a0<a href=\"https:\/\/www.sec.gov\/investor\/espanol\/quehacemos.htm\">Estados Unidos<\/a>\u00a0y\u00a0<a href=\"https:\/\/www.fca.org.uk\/\">Reino Unido<\/a>.<\/p>\n<p>Si quieres aprender un poco m\u00e1s sobre los reguladores te recomendamos leer\u00a0<strong><a href=\"https:\/\/www.reviforex.com\/es\/cuales-mejores-reguladores\/\">este art\u00edculo espec\u00edfico<\/a><\/strong>\u00a0sobre los mejores reguladores de brokers.<\/p>\n<p><em><strong>9. Cuenta DEMO<\/strong><\/em>: siempre es buena idea, antes de comenzar a operar, abrir una cuenta demo con el broker y probar la plataforma, \u00bfhay retrasos con la plataforma? \u00bfEs muy dif\u00edcil acostumbrarse? \u00bfTe sientes c\u00f3modo con la plataforma y su interfaz? \u00bfLas ejecuciones y las operaciones son muy lentas? \u00bfEst\u00e1 permitido el Hedging o el Scalping?<\/p>\n<p>Todo este tipo de detalles podr\u00e1s notarlos luego de probar operar con la cuenta demo del broker.<\/p>\n<\/div>\n<\/div>\n","protected":false},"excerpt":{"rendered":"<p>En este apartado te daremos diferentes consejos para elegir un broker y no morir en el intento. Hemos creado esta lista de consejos y tips, o pasos a seguir, de la manera m\u00e1s sencilla y f\u00e1cil de comprender posible. Sin ir m\u00e1s lejos, estos son los puntos que deber\u00edas tener en cuenta a la hora de elegir un broker: 1. Historia del broker &#8211; Trayectoria: \u00bfCu\u00e1ntos a\u00f1os llevan activos? \u00bfQui\u00e9nes fundaron el broker? \u00bfEst\u00e1n constituidos como empresa donde dicen que lo est\u00e1n? No es lo mismo un broker que lleva 15 a\u00f1os de trayectoria como broker, a uno que lleva <\/p>\n","protected":false},"author":1,"featured_media":0,"parent":0,"menu_order":0,"comment_status":"open","ping_status":"closed","template":"","meta":{"pagelayer_contact_templates":[],"_pagelayer_content":"","footnotes":""},"class_list":["post-4357","page","type-page","status-publish","hentry"],"yoast_head":"<!-- This site is optimized with the Yoast SEO plugin v23.9 - https:\/\/yoast.com\/wordpress\/plugins\/seo\/ -->\n<title>Informantes - Denunciantes: todo lo que debes saber - ReviForex<\/title>\n<meta name=\"description\" content=\"\u00bfTienes informaci\u00f3n interna sobre un broker? \u00bfTrabajas para un broker que no tiene las mejores intenciones con sus clientes y queires darlo a conocer?\" \/>\n<meta name=\"robots\" content=\"index, follow, max-snippet:-1, max-image-preview:large, max-video-preview:-1\" \/>\n<link rel=\"canonical\" href=\"https:\/\/www.reviforex.com\/es\/como-elegir-broker\/\" \/>\n<meta property=\"og:locale\" content=\"en_US\" \/>\n<meta property=\"og:type\" content=\"article\" \/>\n<meta property=\"og:title\" content=\"Informantes - Denunciantes: todo lo que debes saber - ReviForex\" \/>\n<meta property=\"og:description\" content=\"\u00bfTienes informaci\u00f3n interna sobre un broker? \u00bfTrabajas para un broker que no tiene las mejores intenciones con sus clientes y queires darlo a conocer?\" \/>\n<meta property=\"og:url\" content=\"https:\/\/www.reviforex.com\/es\/como-elegir-broker\/\" \/>\n<meta property=\"article:modified_time\" content=\"2022-03-02T11:58:59+00:00\" \/>\n<meta name=\"twitter:card\" content=\"summary_large_image\" \/>\n<meta name=\"twitter:label1\" content=\"Est. reading time\" \/>\n\t<meta name=\"twitter:data1\" content=\"4 minutes\" \/>\n<script type=\"application\/ld+json\" class=\"yoast-schema-graph\">{\"@context\":\"https:\/\/schema.org\",\"@graph\":[{\"@type\":\"WebPage\",\"@id\":\"https:\/\/www.reviforex.com\/es\/como-elegir-broker\/\",\"url\":\"https:\/\/www.reviforex.com\/es\/como-elegir-broker\/\",\"name\":\"Informantes - Denunciantes: todo lo que debes saber - ReviForex\",\"isPartOf\":{\"@id\":\"https:\/\/www.reviforex.com\/es\/#website\"},\"datePublished\":\"2022-03-02T11:57:01+00:00\",\"dateModified\":\"2022-03-02T11:58:59+00:00\",\"description\":\"\u00bfTienes informaci\u00f3n interna sobre un broker? \u00bfTrabajas para un broker que no tiene las mejores intenciones con sus clientes y queires darlo a conocer?\",\"breadcrumb\":{\"@id\":\"https:\/\/www.reviforex.com\/es\/como-elegir-broker\/#breadcrumb\"},\"inLanguage\":\"en-US\",\"potentialAction\":[{\"@type\":\"ReadAction\",\"target\":[\"https:\/\/www.reviforex.com\/es\/como-elegir-broker\/\"]}]},{\"@type\":\"BreadcrumbList\",\"@id\":\"https:\/\/www.reviforex.com\/es\/como-elegir-broker\/#breadcrumb\",\"itemListElement\":[{\"@type\":\"ListItem\",\"position\":1,\"name\":\"Home\",\"item\":\"https:\/\/www.reviforex.com\/es\/\"},{\"@type\":\"ListItem\",\"position\":2,\"name\":\"Te ayudamos a escoger un broker\"}]},{\"@type\":\"WebSite\",\"@id\":\"https:\/\/www.reviforex.com\/es\/#website\",\"url\":\"https:\/\/www.reviforex.com\/es\/\",\"name\":\"\",\"description\":\"Rese\u00f1as, valoraciones y an\u00e1lisis de brokers\",\"potentialAction\":[{\"@type\":\"SearchAction\",\"target\":{\"@type\":\"EntryPoint\",\"urlTemplate\":\"https:\/\/www.reviforex.com\/es\/?s={search_term_string}\"},\"query-input\":{\"@type\":\"PropertyValueSpecification\",\"valueRequired\":true,\"valueName\":\"search_term_string\"}}],\"inLanguage\":\"en-US\"}]}<\/script>\n<!-- \/ Yoast SEO plugin. -->","yoast_head_json":{"title":"Informantes - Denunciantes: todo lo que debes saber - ReviForex","description":"\u00bfTienes informaci\u00f3n interna sobre un broker? \u00bfTrabajas para un broker que no tiene las mejores intenciones con sus clientes y queires darlo a conocer?","robots":{"index":"index","follow":"follow","max-snippet":"max-snippet:-1","max-image-preview":"max-image-preview:large","max-video-preview":"max-video-preview:-1"},"canonical":"https:\/\/www.reviforex.com\/es\/como-elegir-broker\/","og_locale":"en_US","og_type":"article","og_title":"Informantes - Denunciantes: todo lo que debes saber - ReviForex","og_description":"\u00bfTienes informaci\u00f3n interna sobre un broker? \u00bfTrabajas para un broker que no tiene las mejores intenciones con sus clientes y queires darlo a conocer?","og_url":"https:\/\/www.reviforex.com\/es\/como-elegir-broker\/","article_modified_time":"2022-03-02T11:58:59+00:00","twitter_card":"summary_large_image","twitter_misc":{"Est. reading time":"4 minutes"},"schema":{"@context":"https:\/\/schema.org","@graph":[{"@type":"WebPage","@id":"https:\/\/www.reviforex.com\/es\/como-elegir-broker\/","url":"https:\/\/www.reviforex.com\/es\/como-elegir-broker\/","name":"Informantes - Denunciantes: todo lo que debes saber - ReviForex","isPartOf":{"@id":"https:\/\/www.reviforex.com\/es\/#website"},"datePublished":"2022-03-02T11:57:01+00:00","dateModified":"2022-03-02T11:58:59+00:00","description":"\u00bfTienes informaci\u00f3n interna sobre un broker? \u00bfTrabajas para un broker que no tiene las mejores intenciones con sus clientes y queires darlo a conocer?","breadcrumb":{"@id":"https:\/\/www.reviforex.com\/es\/como-elegir-broker\/#breadcrumb"},"inLanguage":"en-US","potentialAction":[{"@type":"ReadAction","target":["https:\/\/www.reviforex.com\/es\/como-elegir-broker\/"]}]},{"@type":"BreadcrumbList","@id":"https:\/\/www.reviforex.com\/es\/como-elegir-broker\/#breadcrumb","itemListElement":[{"@type":"ListItem","position":1,"name":"Home","item":"https:\/\/www.reviforex.com\/es\/"},{"@type":"ListItem","position":2,"name":"Te ayudamos a escoger un broker"}]},{"@type":"WebSite","@id":"https:\/\/www.reviforex.com\/es\/#website","url":"https:\/\/www.reviforex.com\/es\/","name":"","description":"Rese\u00f1as, valoraciones y an\u00e1lisis de brokers","potentialAction":[{"@type":"SearchAction","target":{"@type":"EntryPoint","urlTemplate":"https:\/\/www.reviforex.com\/es\/?s={search_term_string}"},"query-input":{"@type":"PropertyValueSpecification","valueRequired":true,"valueName":"search_term_string"}}],"inLanguage":"en-US"}]}},"_links":{"self":[{"href":"https:\/\/www.reviforex.com\/es\/wp-json\/wp\/v2\/pages\/4357","targetHints":{"allow":["GET"]}}],"collection":[{"href":"https:\/\/www.reviforex.com\/es\/wp-json\/wp\/v2\/pages"}],"about":[{"href":"https:\/\/www.reviforex.com\/es\/wp-json\/wp\/v2\/types\/page"}],"author":[{"embeddable":true,"href":"https:\/\/www.reviforex.com\/es\/wp-json\/wp\/v2\/users\/1"}],"replies":[{"embeddable":true,"href":"https:\/\/www.reviforex.com\/es\/wp-json\/wp\/v2\/comments?post=4357"}],"version-history":[{"count":2,"href":"https:\/\/www.reviforex.com\/es\/wp-json\/wp\/v2\/pages\/4357\/revisions"}],"predecessor-version":[{"id":4359,"href":"https:\/\/www.reviforex.com\/es\/wp-json\/wp\/v2\/pages\/4357\/revisions\/4359"}],"wp:attachment":[{"href":"https:\/\/www.reviforex.com\/es\/wp-json\/wp\/v2\/media?parent=4357"}],"curies":[{"name":"wp","href":"https:\/\/api.w.org\/{rel}","templated":true}]}}