{"id":3076,"date":"2020-08-14T09:00:31","date_gmt":"2020-08-14T09:00:31","guid":{"rendered":"https:\/\/www.reviforex.com\/?page_id=3076"},"modified":"2020-09-30T15:14:32","modified_gmt":"2020-09-30T15:14:32","slug":"nuestras-resenas","status":"publish","type":"page","link":"https:\/\/www.reviforex.com\/es\/nuestras-resenas\/","title":{"rendered":"Nuestras rese\u00f1as"},"content":{"rendered":"<h1 style=\"text-align: left;\">TODAS NUESTRAS RESE\u00d1AS Y AN\u00c1LISIS<\/h1>\n<p style=\"text-align: left;\">En este apartado podr\u00e1s comprobar todas las rese\u00f1as y an\u00e1lisis que hemos realizado. \u00bfPor qu\u00e9 realizamos rese\u00f1as y an\u00e1lisis de diferentes empresas de inversi\u00f3n? Cada d\u00eda recibimos mensajes de clientes o posibles clientes de Brokers o empresas de inversi\u00f3n relacionadas pregunt\u00e1ndonos si un broker es confiable, si es seguro, si lo recomendamos. Con este apartado y nuestros an\u00e1lisis sobre diferentes brokers queremos ayudar a las personas que busquen informaci\u00f3n sobre este tipo de empresas.<\/p>\n<h5 style=\"text-align: center;\"><strong><a href=\"https:\/\/www.reviforex.com\/es\/analisis\/500investments-com\">500Investments<\/a><\/strong><\/h5>\n<h5 style=\"text-align: center;\"><strong><a href=\"https:\/\/www.reviforex.com\/es\/analisis\/admiral-markets\">Admiral Markets<\/a><\/strong><\/h5>\n<p style=\"text-align: center;\"><a href=\"https:\/\/www.reviforex.com\/es\/analisis\/avatrade\/\"><strong>AvaTrade<\/strong><\/a><\/p>\n<h5 style=\"text-align: center;\"><strong><a href=\"https:\/\/www.reviforex.com\/es\/analisis\/clicktrade-es\">Clicktrade<\/a><\/strong><\/h5>\n<h5 style=\"text-align: center;\"><strong><a href=\"https:\/\/www.reviforex.com\/es\/analisis\/clicktrades\">Clicktrades<\/a><\/strong><\/h5>\n<h5 style=\"text-align: center;\"><strong><a href=\"https:\/\/www.reviforex.com\/es\/analisis\/degiro\">DeGiro<\/a><\/strong><\/h5>\n<p style=\"text-align: center;\"><a href=\"https:\/\/www.reviforex.com\/es\/analisis\/fortrade\/\"><strong>Fortrade<\/strong><\/a><\/p>\n<p style=\"text-align: center;\"><a href=\"https:\/\/www.reviforex.com\/es\/analisis\/fxcm\/\"><strong>FXCM<\/strong><\/a><\/p>\n<p style=\"text-align: center;\"><a href=\"https:\/\/www.reviforex.com\/es\/analisis\/fxtm\/\"><strong>FXTM<\/strong><\/a><\/p>\n<h5 style=\"text-align: center;\"><strong><a href=\"https:\/\/www.reviforex.com\/es\/analisis\/gaesco\">Gaesco<\/a><\/strong><\/h5>\n<h5 style=\"text-align: center;\"><a href=\"https:\/\/www.reviforex.com\/es\/analisis\/glad2trade\">Glad2Trade<\/a><\/h5>\n<h5 style=\"text-align: center;\"><strong><a href=\"https:\/\/www.reviforex.com\/es\/analisis\/ibroker\">iBroker<\/a><\/strong><\/h5>\n<h5 style=\"text-align: center;\"><strong><a href=\"https:\/\/www.reviforex.com\/es\/analisis\/ic-markets-\">IC Markets<\/a><\/strong><\/h5>\n<p style=\"text-align: center;\"><a href=\"https:\/\/www.reviforex.com\/es\/analisis\/iq-option\/\"><strong>IQ Option<\/strong><\/a><\/p>\n<h5 style=\"text-align: center;\"><a href=\"https:\/\/www.reviforex.com\/es\/analisis\/navitas-markets\">Navitas Markets<\/a><\/h5>\n<h5 style=\"text-align: center;\"><strong><a href=\"https:\/\/www.reviforex.com\/es\/analisis\/ontega\">Ontega<\/a><\/strong><\/h5>\n<h5 style=\"text-align: center;\"><strong><a href=\"https:\/\/www.reviforex.com\/es\/analisis\/rentamarkets\">Rentamarkets<\/a><\/strong><\/h5>\n<h5 style=\"text-align: center;\"><strong><a href=\"https:\/\/www.reviforex.com\/es\/analisis\/roboforex\">RoboForex<\/a><\/strong><\/h5>\n<p style=\"text-align: center;\"><a href=\"https:\/\/www.reviforex.com\/es\/analisis\/swissquote\/\"><strong>Swissquote<\/strong><\/a><\/p>\n<h5 style=\"text-align: center;\"><a href=\"https:\/\/www.reviforex.com\/es\/analisis\/tradixa\">Tradixa<\/a><\/h5>\n<h5 style=\"text-align: center;\"><strong><a href=\"https:\/\/www.reviforex.com\/es\/analisis\/xm\">XM<\/a><\/strong><\/h5>\n<p style=\"text-align: center;\"><a href=\"https:\/\/www.reviforex.com\/es\/analisis\/xtb\/\"><strong>XTB<\/strong><\/a><\/p>\n<p>&nbsp;<\/p>\n<p style=\"text-align: left;\">\u00bfTe gustar\u00eda que realicemos alg\u00fan an\u00e1lisis m\u00e1s? \u00bfTal vez un broker te est\u00e1 llamando o te est\u00e1n invitando a invertir con una empresa de la que no sabes si confiar o no? Siempre puedes dejarnos un comentario y con gusto realizaremos una rese\u00f1a lo antes posible.<\/p>\n","protected":false},"excerpt":{"rendered":"<p>TODAS NUESTRAS RESE\u00d1AS Y AN\u00c1LISIS En este apartado podr\u00e1s comprobar todas las rese\u00f1as y an\u00e1lisis que hemos realizado. \u00bfPor qu\u00e9 realizamos rese\u00f1as y an\u00e1lisis de diferentes empresas de inversi\u00f3n? Cada d\u00eda recibimos mensajes de clientes o posibles clientes de Brokers o empresas de inversi\u00f3n relacionadas pregunt\u00e1ndonos si un broker es confiable, si es seguro, si lo recomendamos. Con este apartado y nuestros an\u00e1lisis sobre diferentes brokers queremos ayudar a las personas que busquen informaci\u00f3n sobre este tipo de empresas. 500Investments Admiral Markets AvaTrade Clicktrade Clicktrades DeGiro Fortrade FXCM FXTM Gaesco Glad2Trade iBroker IC Markets IQ Option Navitas Markets Ontega Rentamarkets <\/p>\n","protected":false},"author":1,"featured_media":0,"parent":0,"menu_order":0,"comment_status":"open","ping_status":"closed","template":"","meta":{"pagelayer_contact_templates":[],"_pagelayer_content":"","footnotes":""},"class_list":["post-3076","page","type-page","status-publish","hentry"],"yoast_head":"<!-- This site is optimized with the Yoast SEO plugin v23.9 - https:\/\/yoast.com\/wordpress\/plugins\/seo\/ -->\n<title>Nuestras Rese\u00f1as: todos nuestros an\u00e1lisis - ReviForex<\/title>\n<meta name=\"description\" content=\"En esta p\u00e1gina podr\u00e1s encontrar todas nuestras rese\u00f1as y valoraciones de brokers, empresas de inversi\u00f3n y exchanges de criptomonedas.\" \/>\n<meta name=\"robots\" content=\"index, follow, max-snippet:-1, max-image-preview:large, max-video-preview:-1\" \/>\n<link rel=\"canonical\" href=\"https:\/\/www.reviforex.com\/es\/nuestras-resenas\/\" \/>\n<meta property=\"og:locale\" content=\"en_US\" \/>\n<meta property=\"og:type\" content=\"article\" \/>\n<meta property=\"og:title\" content=\"Nuestras Rese\u00f1as: todos nuestros an\u00e1lisis - ReviForex\" \/>\n<meta property=\"og:description\" content=\"En esta p\u00e1gina podr\u00e1s encontrar todas nuestras rese\u00f1as y valoraciones de brokers, empresas de inversi\u00f3n y exchanges de criptomonedas.\" \/>\n<meta property=\"og:url\" content=\"https:\/\/www.reviforex.com\/es\/nuestras-resenas\/\" \/>\n<meta property=\"article:modified_time\" content=\"2020-09-30T15:14:32+00:00\" \/>\n<meta name=\"twitter:card\" content=\"summary_large_image\" \/>\n<meta name=\"twitter:label1\" content=\"Est. reading time\" \/>\n\t<meta name=\"twitter:data1\" content=\"1 minute\" \/>\n<script type=\"application\/ld+json\" class=\"yoast-schema-graph\">{\"@context\":\"https:\/\/schema.org\",\"@graph\":[{\"@type\":\"WebPage\",\"@id\":\"https:\/\/www.reviforex.com\/es\/nuestras-resenas\/\",\"url\":\"https:\/\/www.reviforex.com\/es\/nuestras-resenas\/\",\"name\":\"Nuestras Rese\u00f1as: todos nuestros an\u00e1lisis - ReviForex\",\"isPartOf\":{\"@id\":\"https:\/\/www.reviforex.com\/es\/#website\"},\"datePublished\":\"2020-08-14T09:00:31+00:00\",\"dateModified\":\"2020-09-30T15:14:32+00:00\",\"description\":\"En esta p\u00e1gina podr\u00e1s encontrar todas nuestras rese\u00f1as y valoraciones de brokers, empresas de inversi\u00f3n y exchanges de criptomonedas.\",\"breadcrumb\":{\"@id\":\"https:\/\/www.reviforex.com\/es\/nuestras-resenas\/#breadcrumb\"},\"inLanguage\":\"en-US\",\"potentialAction\":[{\"@type\":\"ReadAction\",\"target\":[\"https:\/\/www.reviforex.com\/es\/nuestras-resenas\/\"]}]},{\"@type\":\"BreadcrumbList\",\"@id\":\"https:\/\/www.reviforex.com\/es\/nuestras-resenas\/#breadcrumb\",\"itemListElement\":[{\"@type\":\"ListItem\",\"position\":1,\"name\":\"Home\",\"item\":\"https:\/\/www.reviforex.com\/es\/\"},{\"@type\":\"ListItem\",\"position\":2,\"name\":\"Nuestras rese\u00f1as\"}]},{\"@type\":\"WebSite\",\"@id\":\"https:\/\/www.reviforex.com\/es\/#website\",\"url\":\"https:\/\/www.reviforex.com\/es\/\",\"name\":\"\",\"description\":\"Rese\u00f1as, valoraciones y an\u00e1lisis de brokers\",\"potentialAction\":[{\"@type\":\"SearchAction\",\"target\":{\"@type\":\"EntryPoint\",\"urlTemplate\":\"https:\/\/www.reviforex.com\/es\/?s={search_term_string}\"},\"query-input\":{\"@type\":\"PropertyValueSpecification\",\"valueRequired\":true,\"valueName\":\"search_term_string\"}}],\"inLanguage\":\"en-US\"}]}<\/script>\n<!-- \/ Yoast SEO plugin. -->","yoast_head_json":{"title":"Nuestras Rese\u00f1as: todos nuestros an\u00e1lisis - ReviForex","description":"En esta p\u00e1gina podr\u00e1s encontrar todas nuestras rese\u00f1as y valoraciones de brokers, empresas de inversi\u00f3n y exchanges de criptomonedas.","robots":{"index":"index","follow":"follow","max-snippet":"max-snippet:-1","max-image-preview":"max-image-preview:large","max-video-preview":"max-video-preview:-1"},"canonical":"https:\/\/www.reviforex.com\/es\/nuestras-resenas\/","og_locale":"en_US","og_type":"article","og_title":"Nuestras Rese\u00f1as: todos nuestros an\u00e1lisis - ReviForex","og_description":"En esta p\u00e1gina podr\u00e1s encontrar todas nuestras rese\u00f1as y valoraciones de brokers, empresas de inversi\u00f3n y exchanges de criptomonedas.","og_url":"https:\/\/www.reviforex.com\/es\/nuestras-resenas\/","article_modified_time":"2020-09-30T15:14:32+00:00","twitter_card":"summary_large_image","twitter_misc":{"Est. reading time":"1 minute"},"schema":{"@context":"https:\/\/schema.org","@graph":[{"@type":"WebPage","@id":"https:\/\/www.reviforex.com\/es\/nuestras-resenas\/","url":"https:\/\/www.reviforex.com\/es\/nuestras-resenas\/","name":"Nuestras Rese\u00f1as: todos nuestros an\u00e1lisis - ReviForex","isPartOf":{"@id":"https:\/\/www.reviforex.com\/es\/#website"},"datePublished":"2020-08-14T09:00:31+00:00","dateModified":"2020-09-30T15:14:32+00:00","description":"En esta p\u00e1gina podr\u00e1s encontrar todas nuestras rese\u00f1as y valoraciones de brokers, empresas de inversi\u00f3n y exchanges de criptomonedas.","breadcrumb":{"@id":"https:\/\/www.reviforex.com\/es\/nuestras-resenas\/#breadcrumb"},"inLanguage":"en-US","potentialAction":[{"@type":"ReadAction","target":["https:\/\/www.reviforex.com\/es\/nuestras-resenas\/"]}]},{"@type":"BreadcrumbList","@id":"https:\/\/www.reviforex.com\/es\/nuestras-resenas\/#breadcrumb","itemListElement":[{"@type":"ListItem","position":1,"name":"Home","item":"https:\/\/www.reviforex.com\/es\/"},{"@type":"ListItem","position":2,"name":"Nuestras rese\u00f1as"}]},{"@type":"WebSite","@id":"https:\/\/www.reviforex.com\/es\/#website","url":"https:\/\/www.reviforex.com\/es\/","name":"","description":"Rese\u00f1as, valoraciones y an\u00e1lisis de brokers","potentialAction":[{"@type":"SearchAction","target":{"@type":"EntryPoint","urlTemplate":"https:\/\/www.reviforex.com\/es\/?s={search_term_string}"},"query-input":{"@type":"PropertyValueSpecification","valueRequired":true,"valueName":"search_term_string"}}],"inLanguage":"en-US"}]}},"_links":{"self":[{"href":"https:\/\/www.reviforex.com\/es\/wp-json\/wp\/v2\/pages\/3076","targetHints":{"allow":["GET"]}}],"collection":[{"href":"https:\/\/www.reviforex.com\/es\/wp-json\/wp\/v2\/pages"}],"about":[{"href":"https:\/\/www.reviforex.com\/es\/wp-json\/wp\/v2\/types\/page"}],"author":[{"embeddable":true,"href":"https:\/\/www.reviforex.com\/es\/wp-json\/wp\/v2\/users\/1"}],"replies":[{"embeddable":true,"href":"https:\/\/www.reviforex.com\/es\/wp-json\/wp\/v2\/comments?post=3076"}],"version-history":[{"count":7,"href":"https:\/\/www.reviforex.com\/es\/wp-json\/wp\/v2\/pages\/3076\/revisions"}],"predecessor-version":[{"id":3520,"href":"https:\/\/www.reviforex.com\/es\/wp-json\/wp\/v2\/pages\/3076\/revisions\/3520"}],"wp:attachment":[{"href":"https:\/\/www.reviforex.com\/es\/wp-json\/wp\/v2\/media?parent=3076"}],"curies":[{"name":"wp","href":"https:\/\/api.w.org\/{rel}","templated":true}]}}