{"id":2677,"date":"2020-07-21T11:13:29","date_gmt":"2020-07-21T11:13:29","guid":{"rendered":"https:\/\/www.reviforex.com\/?page_id=2677"},"modified":"2020-08-31T13:06:21","modified_gmt":"2020-08-31T13:06:21","slug":"que-es-exchange-criptomonedas","status":"publish","type":"page","link":"https:\/\/www.reviforex.com\/es\/que-es-exchange-criptomonedas\/","title":{"rendered":"\u00bfQu\u00e9 es un exchange de criptomonedas?"},"content":{"rendered":"<div class=\"thecontent\">\n<div class=\"vc_row wpb_row vc_row-fluid vc_custom_1541849819042\">\n<div class=\"wpb_column vc_column_container vc_col-sm-12\">\n<div class=\"vc_column-inner\">\n<div class=\"wpb_wrapper\">\n<div class=\"wpb_text_column wpb_content_element vc_custom_1591267072578\">\n<div class=\"wpb_wrapper\">\n<p style=\"text-align: left;\">Si hablamos de Bitcoin, Ethereum, realmente con la mayor parte de las criptomonedas que hay hoy en d\u00eda, siendo tan populares, cada d\u00eda m\u00e1s y m\u00e1s gente quiere entrar al mundo de las criptomonedas. Siendo la pregunta m\u00e1s frecuente, \u00bfc\u00f3mo puedo comprar Bitcoins? \u00bfcomo puedo comprar criptomonedas? Este procedimiento se hace a trav\u00e9s de un Exchange de criptomonedas. Hay muchas cosas y conceptos que debes entender para entender qu\u00e9 es exactamente un exchange de criptomonedas (y mejor que lo aprendas antes de comprar criptomonedas), intentaremos explic\u00e1rtelo de una manera sencilla y f\u00e1cil de comprender.<\/p>\n<h4 style=\"text-align: left;\">\u00bfQu\u00e9 es un exchange de criptomonedas?<\/h4>\n<p style=\"text-align: left;\">Realmente no es muy complicado. Son sitios web o softwares donde puedes comprar, vender o intercambiar criptomonedas por otras monedas digitales, o por monedas tradicionales (como euros, dolares) llamados en el mundo de las criptomonedas, dinero FIAT.<\/p>\n<p style=\"text-align: left;\">Hoy en d\u00eda es casi est\u00e1ndar que las exchanges te exijan documentos personales y datos personales, en los d\u00edas de inicio de las cripto, esto no era necesario. Cada d\u00eda son menos las exchanges que no piden este tipo de datos sensibles, muchas personas no est\u00e1n de acuerdo con esto ya que una de las caracter\u00edsticas iniciales de las critpomonedas era su anonimidad, hoy en d\u00eda podr\u00eda decirse que esta anonimidad casi no existe.<\/p>\n<p style=\"text-align: left;\">Sigamos, un exchange es donde los compradores y vendedores de criptomonedas llevan a cabo sus negocios. Digamos por ejemplo que un vendedor de Bitcoin deposita Bitcoin a trav\u00e9s de su direcci\u00f3n de cartera de Bitcoin, la gran mayor\u00eda de los exchanges te brindar\u00e1n con tu propia direcci\u00f3n personal, queriendo decir que te brindar\u00e1n una cartera de critpomonedas, en este caso, una cartera de Bitcoin. Este vendedor de Bitcoin podr\u00e1 luego usar su dinero en Bitcoin para comprar por ejemplo, d\u00f3lares. O si es un comprador, podr\u00e1 depositar d\u00f3lares para comprar Bitcoin.<\/p>\n<p style=\"text-align: left;\">Los exchanges son los \u00fanicos lugares donde puedes comprar criptomonedas con dinero FIAT, es decir digamos, con dolares o euros, a trav\u00e9s de una transferencia bancaria, o a trav\u00e9s de tu tarjeta de cr\u00e9dito por ejemplo. Una vez tienes por ejemplo, Bitcoin, puedes moverlo a otra cartera de Bitcoin, intercambiarlo por otra criptomoneda o lo que sea que quieras hacer. Pero para hacer este tipo de transacciones (de criptomoneda a dinero FIAT o de dinero FIAT a criptomoneda) primero deber\u00e1s tener una cuenta en un exchange de criptomonedas, para poder comprar o recibir tus criptomonedas.<\/p>\n<p style=\"text-align: left;\">Una manera de hacerlo sin un exchange, es, abri\u00e9ndote una cartera de criptomonedas, y alguien que posea criptomonedas, con la direcci\u00f3n de tu cartera, puede enviarte criptomonedas. En este caso no necesitar\u00e1s comprar criptomonedas, ya que no estar\u00e1s en ning\u00fan momento cambiando dinero FIAT por criptomoneda.<\/p>\n<\/div>\n<\/div>\n<div class=\"wpb_text_column wpb_content_element vc_custom_1591267088408\" style=\"text-align: left;\">\n<div class=\"wpb_wrapper\">\n<blockquote class=\"bq-style1\">\n<h4>\u00bfCu\u00e1l es la diferencia entre un exchange y una cartera de criptomonedas?<\/h4>\n<p>La diferencia entre un exchange y una cartera de cripto es que con la cartera de criptomonedas solo puedes enviar, intercambiar entre criptomonedas o recibir criptomonedas, pero no podr\u00e1s comprar con dinero FIAT. En los exchanges puedes comprar criptomonedas con dinero FIAT.<\/p>\n<p>Esto se presta a confusi\u00f3n ya que una gran parte de los exchanges tambi\u00e9n te brindar\u00e1n la opci\u00f3n de tener una cartera de criptomonedas con la misma empresa.<\/p>\n<p>Unos ejemplos pr\u00e1cticos: Si tu idea es comprar con dinero FIAT criptomonedas, deber\u00e1s crear una cuenta en un exchange, ya que estar\u00e1s adquiriendo criptomoneda con dinero FIAT, estas intercambiando (intercambiar en ingles es exchange, de all\u00ed la palabra) dinero FIAT por criptomonedas. Si solo quieres que alguien te env\u00ede una criptomoneda, por ejemplo Bitcoin, sin necesidad de comprar con dinero FIAT, con una cartera de criptomonedas te bastar\u00e1. Le dar\u00e1s la direcci\u00f3n de tu cartera de criptomonedas, en este caso de Bitcoin, a la otra persona, y con tu direcci\u00f3n, esta otra persona podr\u00e1 enviarte tantos Bitcoins como \u00e9l tenga disponibles en su cartera.<\/p>\n<p>Cada cartera de criptomonedas es diferente dependiendo de la criptomoneda, es decir que si tienes por ejemplo, Bitcoin y Ethereum, tendr\u00e1s una cartera para Bitcoin y una cartera diferente para Ethereum. Cada una de ellas con una direcci\u00f3n diferente. Cada direcci\u00f3n de cada cartera es tambi\u00e9n \u00fanica. La direcci\u00f3n de tu cartera es la que dar\u00e1s para recibir criptomonedas. Al mismo tiempo, si t\u00fa tienes criptomonedas y deseas enviar a alguien, la otra persona te dar\u00e1 la direcci\u00f3n de su cartera, y tu, con su direcci\u00f3n, podr\u00e1s enviarle a la otra persona, tantas criptomonedas como quieras y como tengas disponibles.<\/p><\/blockquote>\n<\/div>\n<\/div>\n<div class=\"wpb_text_column wpb_content_element vc_custom_1591267105713\">\n<div class=\"wpb_wrapper\">\n<h4 style=\"text-align: left;\">\u00bfC\u00f3mo elegir un exchange de criptomonedas?<\/h4>\n<p style=\"text-align: left;\">Lamentablemente hay una gran cantidad de exchanges de criptomonedas que resultan en una gran cantidad de personas estafadas, esto no quiere decir que no hay muchos muy buenos, los hay, pero muchos son malos exchanges y no tienen buenas intenciones para con sus clientes. Entonces, como inversor o comprador, tienes algunas tareas que hacer para elegir un buen exchange, a continuaci\u00f3n te dejamos algunos consejos que recomendamos tengas en cuenta a la hora de elegir un exchange:<\/p>\n<p style=\"text-align: left;\">\u2013 La reputaci\u00f3n del exchange<\/p>\n<p style=\"text-align: left;\">\u2013 Cargos: cada exchange estipula su propia cargo por comprar y vender, algunos cobran cargos alt\u00edsimos en comparaci\u00f3n con otros exchanges<\/p>\n<p style=\"text-align: left;\">\u2013 M\u00e9todos de pago<\/p>\n<p style=\"text-align: left;\">\u2013 M\u00e9todos de retiro<\/p>\n<p style=\"text-align: left;\">\u2013 El pa\u00eds donde vives: muchos pa\u00edses tienen lamentablemente muchas restricciones con respecto a las criptomonedas<\/p>\n<p style=\"text-align: left;\">\u2013 Requerimientos para comprar y vender: como te mencionamos m\u00e1s arriba, es casi est\u00e1ndar que te pidan documentaci\u00f3n y datos privados<\/p>\n<p style=\"text-align: left;\">\u2013 Tasa cambiaria: muchas veces por convertir, digamos, Bitcoin a Ethereum podr\u00e1s tener un cargo, tenlo en mente<\/p>\n<p style=\"text-align: left;\">\u00bfY t\u00fa que piensas de los exchanges de criptomonedas?<\/p>\n<\/div>\n<\/div>\n<\/div>\n<\/div>\n<\/div>\n<\/div>\n<\/div>\n","protected":false},"excerpt":{"rendered":"<p>Si hablamos de Bitcoin, Ethereum, realmente con la mayor parte de las criptomonedas que hay hoy en d\u00eda, siendo tan populares, cada d\u00eda m\u00e1s y m\u00e1s gente quiere entrar al mundo de las criptomonedas. Siendo la pregunta m\u00e1s frecuente, \u00bfc\u00f3mo puedo comprar Bitcoins? \u00bfcomo puedo comprar criptomonedas? Este procedimiento se hace a trav\u00e9s de un Exchange de criptomonedas. Hay muchas cosas y conceptos que debes entender para entender qu\u00e9 es exactamente un exchange de criptomonedas (y mejor que lo aprendas antes de comprar criptomonedas), intentaremos explic\u00e1rtelo de una manera sencilla y f\u00e1cil de comprender. \u00bfQu\u00e9 es un exchange de criptomonedas? <\/p>\n","protected":false},"author":1,"featured_media":0,"parent":0,"menu_order":0,"comment_status":"open","ping_status":"closed","template":"","meta":{"pagelayer_contact_templates":[],"_pagelayer_content":"","footnotes":""},"class_list":["post-2677","page","type-page","status-publish","hentry"],"yoast_head":"<!-- This site is optimized with the Yoast SEO plugin v23.9 - https:\/\/yoast.com\/wordpress\/plugins\/seo\/ -->\n<title>\u00bfQu\u00e9 es un Exchange de Criptomonedas? - ReviForex<\/title>\n<meta name=\"description\" content=\"\u00bfQu\u00e9 son los exchanges de Criptomonedas? \u00bfCu\u00e1l es la diferencia con un wallet? \u00bfC\u00f3mo funcionan? Te lo explicamos, de manera sencilla, todo aqui.\" \/>\n<meta name=\"robots\" content=\"index, follow, max-snippet:-1, max-image-preview:large, max-video-preview:-1\" \/>\n<link rel=\"canonical\" href=\"https:\/\/www.reviforex.com\/es\/que-es-exchange-criptomonedas\/\" \/>\n<meta property=\"og:locale\" content=\"en_US\" \/>\n<meta property=\"og:type\" content=\"article\" \/>\n<meta property=\"og:title\" content=\"\u00bfQu\u00e9 es un Exchange de Criptomonedas? - ReviForex\" \/>\n<meta property=\"og:description\" content=\"\u00bfQu\u00e9 son los exchanges de Criptomonedas? \u00bfCu\u00e1l es la diferencia con un wallet? \u00bfC\u00f3mo funcionan? Te lo explicamos, de manera sencilla, todo aqui.\" \/>\n<meta property=\"og:url\" content=\"https:\/\/www.reviforex.com\/es\/que-es-exchange-criptomonedas\/\" \/>\n<meta property=\"article:modified_time\" content=\"2020-08-31T13:06:21+00:00\" \/>\n<meta name=\"twitter:card\" content=\"summary_large_image\" \/>\n<meta name=\"twitter:label1\" content=\"Est. reading time\" \/>\n\t<meta name=\"twitter:data1\" content=\"5 minutes\" \/>\n<script type=\"application\/ld+json\" class=\"yoast-schema-graph\">{\"@context\":\"https:\/\/schema.org\",\"@graph\":[{\"@type\":\"WebPage\",\"@id\":\"https:\/\/www.reviforex.com\/es\/que-es-exchange-criptomonedas\/\",\"url\":\"https:\/\/www.reviforex.com\/es\/que-es-exchange-criptomonedas\/\",\"name\":\"\u00bfQu\u00e9 es un Exchange de Criptomonedas? - ReviForex\",\"isPartOf\":{\"@id\":\"https:\/\/www.reviforex.com\/es\/#website\"},\"datePublished\":\"2020-07-21T11:13:29+00:00\",\"dateModified\":\"2020-08-31T13:06:21+00:00\",\"description\":\"\u00bfQu\u00e9 son los exchanges de Criptomonedas? \u00bfCu\u00e1l es la diferencia con un wallet? \u00bfC\u00f3mo funcionan? Te lo explicamos, de manera sencilla, todo aqui.\",\"breadcrumb\":{\"@id\":\"https:\/\/www.reviforex.com\/es\/que-es-exchange-criptomonedas\/#breadcrumb\"},\"inLanguage\":\"en-US\",\"potentialAction\":[{\"@type\":\"ReadAction\",\"target\":[\"https:\/\/www.reviforex.com\/es\/que-es-exchange-criptomonedas\/\"]}]},{\"@type\":\"BreadcrumbList\",\"@id\":\"https:\/\/www.reviforex.com\/es\/que-es-exchange-criptomonedas\/#breadcrumb\",\"itemListElement\":[{\"@type\":\"ListItem\",\"position\":1,\"name\":\"Home\",\"item\":\"https:\/\/www.reviforex.com\/es\/\"},{\"@type\":\"ListItem\",\"position\":2,\"name\":\"\u00bfQu\u00e9 es un exchange de criptomonedas?\"}]},{\"@type\":\"WebSite\",\"@id\":\"https:\/\/www.reviforex.com\/es\/#website\",\"url\":\"https:\/\/www.reviforex.com\/es\/\",\"name\":\"\",\"description\":\"Rese\u00f1as, valoraciones y an\u00e1lisis de brokers\",\"potentialAction\":[{\"@type\":\"SearchAction\",\"target\":{\"@type\":\"EntryPoint\",\"urlTemplate\":\"https:\/\/www.reviforex.com\/es\/?s={search_term_string}\"},\"query-input\":{\"@type\":\"PropertyValueSpecification\",\"valueRequired\":true,\"valueName\":\"search_term_string\"}}],\"inLanguage\":\"en-US\"}]}<\/script>\n<!-- \/ Yoast SEO plugin. -->","yoast_head_json":{"title":"\u00bfQu\u00e9 es un Exchange de Criptomonedas? - ReviForex","description":"\u00bfQu\u00e9 son los exchanges de Criptomonedas? \u00bfCu\u00e1l es la diferencia con un wallet? \u00bfC\u00f3mo funcionan? Te lo explicamos, de manera sencilla, todo aqui.","robots":{"index":"index","follow":"follow","max-snippet":"max-snippet:-1","max-image-preview":"max-image-preview:large","max-video-preview":"max-video-preview:-1"},"canonical":"https:\/\/www.reviforex.com\/es\/que-es-exchange-criptomonedas\/","og_locale":"en_US","og_type":"article","og_title":"\u00bfQu\u00e9 es un Exchange de Criptomonedas? - ReviForex","og_description":"\u00bfQu\u00e9 son los exchanges de Criptomonedas? \u00bfCu\u00e1l es la diferencia con un wallet? \u00bfC\u00f3mo funcionan? Te lo explicamos, de manera sencilla, todo aqui.","og_url":"https:\/\/www.reviforex.com\/es\/que-es-exchange-criptomonedas\/","article_modified_time":"2020-08-31T13:06:21+00:00","twitter_card":"summary_large_image","twitter_misc":{"Est. reading time":"5 minutes"},"schema":{"@context":"https:\/\/schema.org","@graph":[{"@type":"WebPage","@id":"https:\/\/www.reviforex.com\/es\/que-es-exchange-criptomonedas\/","url":"https:\/\/www.reviforex.com\/es\/que-es-exchange-criptomonedas\/","name":"\u00bfQu\u00e9 es un Exchange de Criptomonedas? - ReviForex","isPartOf":{"@id":"https:\/\/www.reviforex.com\/es\/#website"},"datePublished":"2020-07-21T11:13:29+00:00","dateModified":"2020-08-31T13:06:21+00:00","description":"\u00bfQu\u00e9 son los exchanges de Criptomonedas? \u00bfCu\u00e1l es la diferencia con un wallet? \u00bfC\u00f3mo funcionan? Te lo explicamos, de manera sencilla, todo aqui.","breadcrumb":{"@id":"https:\/\/www.reviforex.com\/es\/que-es-exchange-criptomonedas\/#breadcrumb"},"inLanguage":"en-US","potentialAction":[{"@type":"ReadAction","target":["https:\/\/www.reviforex.com\/es\/que-es-exchange-criptomonedas\/"]}]},{"@type":"BreadcrumbList","@id":"https:\/\/www.reviforex.com\/es\/que-es-exchange-criptomonedas\/#breadcrumb","itemListElement":[{"@type":"ListItem","position":1,"name":"Home","item":"https:\/\/www.reviforex.com\/es\/"},{"@type":"ListItem","position":2,"name":"\u00bfQu\u00e9 es un exchange de criptomonedas?"}]},{"@type":"WebSite","@id":"https:\/\/www.reviforex.com\/es\/#website","url":"https:\/\/www.reviforex.com\/es\/","name":"","description":"Rese\u00f1as, valoraciones y an\u00e1lisis de brokers","potentialAction":[{"@type":"SearchAction","target":{"@type":"EntryPoint","urlTemplate":"https:\/\/www.reviforex.com\/es\/?s={search_term_string}"},"query-input":{"@type":"PropertyValueSpecification","valueRequired":true,"valueName":"search_term_string"}}],"inLanguage":"en-US"}]}},"_links":{"self":[{"href":"https:\/\/www.reviforex.com\/es\/wp-json\/wp\/v2\/pages\/2677","targetHints":{"allow":["GET"]}}],"collection":[{"href":"https:\/\/www.reviforex.com\/es\/wp-json\/wp\/v2\/pages"}],"about":[{"href":"https:\/\/www.reviforex.com\/es\/wp-json\/wp\/v2\/types\/page"}],"author":[{"embeddable":true,"href":"https:\/\/www.reviforex.com\/es\/wp-json\/wp\/v2\/users\/1"}],"replies":[{"embeddable":true,"href":"https:\/\/www.reviforex.com\/es\/wp-json\/wp\/v2\/comments?post=2677"}],"version-history":[{"count":6,"href":"https:\/\/www.reviforex.com\/es\/wp-json\/wp\/v2\/pages\/2677\/revisions"}],"predecessor-version":[{"id":3214,"href":"https:\/\/www.reviforex.com\/es\/wp-json\/wp\/v2\/pages\/2677\/revisions\/3214"}],"wp:attachment":[{"href":"https:\/\/www.reviforex.com\/es\/wp-json\/wp\/v2\/media?parent=2677"}],"curies":[{"name":"wp","href":"https:\/\/api.w.org\/{rel}","templated":true}]}}