{"id":2675,"date":"2020-07-21T11:10:46","date_gmt":"2020-07-21T11:10:46","guid":{"rendered":"https:\/\/www.reviforex.com\/?page_id=2675"},"modified":"2020-09-22T14:33:23","modified_gmt":"2020-09-22T14:33:23","slug":"que-son-las-criptomonedas","status":"publish","type":"page","link":"https:\/\/www.reviforex.com\/es\/que-son-las-criptomonedas\/","title":{"rendered":"\u00bfQu\u00e9 son las criptomonedas?"},"content":{"rendered":"<div class=\"wpb_text_column wpb_content_element vc_custom_1591266190547\">\n<div class=\"wpb_wrapper\">\n<p style=\"text-align: left;\">Hoy en d\u00eda las criptomonedas se han convertido en un fen\u00f3meno global y son conocidas por casi todo el mundo pero, \u00bfsabes realmente qu\u00e9 son y como funcionan las criptomonedas?<\/p>\n<p style=\"text-align: left;\">Ya en el a\u00f1o 2018 una gran parte de los bancos, empresas de contabilidad, compa\u00f1\u00edas de inform\u00e1tica e inclusive gobiernos se han relacionado o han investigado sobre criptomonedas o hasta iniciado un proyecto de blockchain. Aunque se han popularizado enormemente en estos \u00faltimos a\u00f1os, los conceptos b\u00e1sicos sobre criptomonedas son realmente entendidos por pocas personas.<\/p>\n<h3 style=\"text-align: left;\">\u00bfQu\u00e9 son entonces las criptomonedas?<\/h3>\n<p style=\"text-align: left;\">Para entender esto, debemos remontarnos al inicio de las cripto, esto fue en el a\u00f1o 2008, Satoshi Sakamoto invent\u00f3 el Bitcoin en este a\u00f1o, como un sistema de pago electr\u00f3nico \u00abpeer-to-peer\u00bb o \u00abP2P\u00bb (que es literalmente una red de pares: una red de ordenadores en la que todos o algunos aspectos funcionan sin clientes ni servidores fijos, sino una serie de nodos que se comportan como iguales entre s\u00ed). Para crear dinero digital, necesitas una red de pagos con balances, cuentas y transacciones. Esto es bastante sencillo de entender.<\/p>\n<p style=\"text-align: left;\">Un gran problema que la mayor\u00eda de las redes de pago, sin servidores centrales, tienen es evitar el llamado \u00abdoble gasto\u00bb, en el que una moneda, digital en este caso, puede gastarse dos veces o falsificarse, b\u00e1sicamente prevenir que una entidad gaste un monto de dinero dos veces. Usualmente la prevenci\u00f3n de esto es realizada por un servidor central que lleva un registro de todos los balances, aunque en este caso una de las caracter\u00edsticas de las criptomonedas es que no hay servidores centrales (recuerda que hablamos del \u00abpeer-to-peer\u00bb o \u00abP2P\u00bb), por esto es que se llama a las criptomonedas descentralizadas, por que funcionan con una red descentralizada. As\u00ed que necesitas que cada entidad\/nodo de la red haga este trabajo. Cada nodo de la red necesita tener una lista completa con todas las transacciones para comprobar que las transacciones futuras son v\u00e1lidas, y no un intento del llamado \u00abdoble gasto\u00bb que mencionamos anteriormente.<\/p>\n<p style=\"text-align: left;\">\u00bfComo pueden los nodos que conforman la red encargarse de esta tarea tan importante y dif\u00edcil? Si los nodos en la red no est\u00e1n de acuerdo en un balance, todo se interrumpe. Tienen que estar todos en la misma p\u00e1gina, y estar de acuerdo con los balances, hasta en el \u00faltimo detalle. Nadie sab\u00eda como lograr esto hasta que el tal Satoshi Nakamoto prob\u00f3 que esto es posible.<\/p>\n<\/div>\n<\/div>\n<div class=\"wpb_text_column wpb_content_element vc_custom_1591266202649\" style=\"text-align: left;\">\n<div class=\"wpb_wrapper\">\n<blockquote class=\"bq-style1\"><p>Las criptomonedas son una parte fundamental de esta soluci\u00f3n: para ilustrar esto te daremos un simple ejemplo, de transacciones en la red, es decir del funcionamento de una red descentralizada:<\/p>\n<p>&gt; Hay una transacci\u00f3n, esta transacci\u00f3n es un archivo que dice que Juan le da 3 Bitcoins a Alicia, de manera digital, ya que hablamos de criptomonedas, que son esencialmente monedas digitales.<\/p>\n<p>Una vez hecha esta transacci\u00f3n, esta transacci\u00f3n es transmitida a la red \u00abP2P\u00bb, enviada desde un nodo a cada uno de los nodos que forman la red, as\u00ed es como funciona la tecnolog\u00eda P2P regularmente, no hay nada especial en esto que acabamos de mencionar.<\/p><\/blockquote>\n<\/div>\n<\/div>\n<div class=\"wpb_text_column wpb_content_element vc_custom_1591266210080\">\n<div class=\"wpb_wrapper\">\n<p style=\"text-align: left;\">Luego de un determinado tiempo, la transaccion se confirma, solo los mineros (de criptomonedas) pueden confirmar transacciones, a esto se dedican ellos en la red de criptomonedas. Los mineros de criptomonedas toman una transacci\u00f3n, verifican que es leg\u00edtima, y la difunden en la red. Luego de que una transacci\u00f3n es verificada por un minero cada nodo que forma parte de la red adhiere esta transacci\u00f3n a su base de datos. As\u00ed entonces pasa a formar parte del Blockchain. Por este trabajo, los mineros de criptomonedas son recompensados con criptomoneda, por ejemplo, con Bitcoin.<\/p>\n<p style=\"text-align: left;\">Cualquier persona puede ser un minero, ellos simplemente utilizan computadoras muy poderosas, para la tarea que realizan. Cada minero compite para resolver un problema matem\u00e1tico, luego de encontrar una soluci\u00f3n, un minero puede confirmar la transacci\u00f3n y a\u00f1adirla al Blockchain, como incentivo para hacer esto, los mineros reciben un pago de parte de la red, en forma de criptomoneda. De esta manera la red de participantes independientes que son incentivados econ\u00f3micamente, puede mantener la legitimidad de cada transacci\u00f3n y, funcionar. As\u00ed es b\u00e1sicamente como funcionan las criptomonedas y las transacciones en criptomonedas.<\/p>\n<p style=\"text-align: left;\">Las criptomonedas son la clave de un problema muy complejo de dinero digital, que el tal Satoshi resolvi\u00f3 muy inteligentemente, y mantuvo as\u00ed consenso e integridad entre participantes independientes y potencialmente con malas intenciones. Las criptomonedas son esencialmente el incentivo econ\u00f3mico ofrecido a cualqueira que quiera mantener la red segura y funcionando correctamente.<\/p>\n<p>Te dejamos tambi\u00e9n un sitio web, probablemente el sitio web m\u00e1s respetado con lo que respecta a las criptomonedas, donde puedes leer informaci\u00f3n relevante sobre las criptomonedas: <a href=\"https:\/\/bitcoin.org\/es\/\" target=\"_blank\" rel=\"noopener noreferrer\">https:\/\/bitcoin.org\/es\/<\/a> . Otro dato no menor de este sitio web, es que fue registrado y es gestionado por los los desarrolladores del n\u00facleo de bitcoin y por otros miembros de la comunidad.<\/p>\n<\/div>\n<\/div>\n","protected":false},"excerpt":{"rendered":"<p>Hoy en d\u00eda las criptomonedas se han convertido en un fen\u00f3meno global y son conocidas por casi todo el mundo pero, \u00bfsabes realmente qu\u00e9 son y como funcionan las criptomonedas? Ya en el a\u00f1o 2018 una gran parte de los bancos, empresas de contabilidad, compa\u00f1\u00edas de inform\u00e1tica e inclusive gobiernos se han relacionado o han investigado sobre criptomonedas o hasta iniciado un proyecto de blockchain. Aunque se han popularizado enormemente en estos \u00faltimos a\u00f1os, los conceptos b\u00e1sicos sobre criptomonedas son realmente entendidos por pocas personas. \u00bfQu\u00e9 son entonces las criptomonedas? Para entender esto, debemos remontarnos al inicio de las cripto, <\/p>\n","protected":false},"author":1,"featured_media":0,"parent":0,"menu_order":0,"comment_status":"open","ping_status":"closed","template":"","meta":{"pagelayer_contact_templates":[],"_pagelayer_content":"","footnotes":""},"class_list":["post-2675","page","type-page","status-publish","hentry"],"yoast_head":"<!-- This site is optimized with the Yoast SEO plugin v23.9 - https:\/\/yoast.com\/wordpress\/plugins\/seo\/ -->\n<title>\u00bfQu\u00e9 son las criptomonedas? Explicaci\u00f3n - ReviForex<\/title>\n<meta name=\"description\" content=\"\u00bfC\u00f3mo funcionan las criptomonedas? \u00bfQu\u00e9 es una criptomoneda? En este apartado te lo explicamos en detalle, explicado de manera muy sencilla\" \/>\n<meta name=\"robots\" content=\"index, follow, max-snippet:-1, max-image-preview:large, max-video-preview:-1\" \/>\n<link rel=\"canonical\" href=\"https:\/\/www.reviforex.com\/es\/que-son-las-criptomonedas\/\" \/>\n<meta property=\"og:locale\" content=\"en_US\" \/>\n<meta property=\"og:type\" content=\"article\" \/>\n<meta property=\"og:title\" content=\"\u00bfQu\u00e9 son las criptomonedas? Explicaci\u00f3n - ReviForex\" \/>\n<meta property=\"og:description\" content=\"\u00bfC\u00f3mo funcionan las criptomonedas? \u00bfQu\u00e9 es una criptomoneda? En este apartado te lo explicamos en detalle, explicado de manera muy sencilla\" \/>\n<meta property=\"og:url\" content=\"https:\/\/www.reviforex.com\/es\/que-son-las-criptomonedas\/\" \/>\n<meta property=\"article:modified_time\" content=\"2020-09-22T14:33:23+00:00\" \/>\n<meta name=\"twitter:card\" content=\"summary_large_image\" \/>\n<meta name=\"twitter:label1\" content=\"Est. reading time\" \/>\n\t<meta name=\"twitter:data1\" content=\"4 minutes\" \/>\n<script type=\"application\/ld+json\" class=\"yoast-schema-graph\">{\"@context\":\"https:\/\/schema.org\",\"@graph\":[{\"@type\":\"WebPage\",\"@id\":\"https:\/\/www.reviforex.com\/es\/que-son-las-criptomonedas\/\",\"url\":\"https:\/\/www.reviforex.com\/es\/que-son-las-criptomonedas\/\",\"name\":\"\u00bfQu\u00e9 son las criptomonedas? Explicaci\u00f3n - ReviForex\",\"isPartOf\":{\"@id\":\"https:\/\/www.reviforex.com\/es\/#website\"},\"datePublished\":\"2020-07-21T11:10:46+00:00\",\"dateModified\":\"2020-09-22T14:33:23+00:00\",\"description\":\"\u00bfC\u00f3mo funcionan las criptomonedas? \u00bfQu\u00e9 es una criptomoneda? En este apartado te lo explicamos en detalle, explicado de manera muy sencilla\",\"breadcrumb\":{\"@id\":\"https:\/\/www.reviforex.com\/es\/que-son-las-criptomonedas\/#breadcrumb\"},\"inLanguage\":\"en-US\",\"potentialAction\":[{\"@type\":\"ReadAction\",\"target\":[\"https:\/\/www.reviforex.com\/es\/que-son-las-criptomonedas\/\"]}]},{\"@type\":\"BreadcrumbList\",\"@id\":\"https:\/\/www.reviforex.com\/es\/que-son-las-criptomonedas\/#breadcrumb\",\"itemListElement\":[{\"@type\":\"ListItem\",\"position\":1,\"name\":\"Home\",\"item\":\"https:\/\/www.reviforex.com\/es\/\"},{\"@type\":\"ListItem\",\"position\":2,\"name\":\"\u00bfQu\u00e9 son las criptomonedas?\"}]},{\"@type\":\"WebSite\",\"@id\":\"https:\/\/www.reviforex.com\/es\/#website\",\"url\":\"https:\/\/www.reviforex.com\/es\/\",\"name\":\"\",\"description\":\"Rese\u00f1as, valoraciones y an\u00e1lisis de brokers\",\"potentialAction\":[{\"@type\":\"SearchAction\",\"target\":{\"@type\":\"EntryPoint\",\"urlTemplate\":\"https:\/\/www.reviforex.com\/es\/?s={search_term_string}\"},\"query-input\":{\"@type\":\"PropertyValueSpecification\",\"valueRequired\":true,\"valueName\":\"search_term_string\"}}],\"inLanguage\":\"en-US\"}]}<\/script>\n<!-- \/ Yoast SEO plugin. -->","yoast_head_json":{"title":"\u00bfQu\u00e9 son las criptomonedas? Explicaci\u00f3n - ReviForex","description":"\u00bfC\u00f3mo funcionan las criptomonedas? \u00bfQu\u00e9 es una criptomoneda? En este apartado te lo explicamos en detalle, explicado de manera muy sencilla","robots":{"index":"index","follow":"follow","max-snippet":"max-snippet:-1","max-image-preview":"max-image-preview:large","max-video-preview":"max-video-preview:-1"},"canonical":"https:\/\/www.reviforex.com\/es\/que-son-las-criptomonedas\/","og_locale":"en_US","og_type":"article","og_title":"\u00bfQu\u00e9 son las criptomonedas? Explicaci\u00f3n - ReviForex","og_description":"\u00bfC\u00f3mo funcionan las criptomonedas? \u00bfQu\u00e9 es una criptomoneda? En este apartado te lo explicamos en detalle, explicado de manera muy sencilla","og_url":"https:\/\/www.reviforex.com\/es\/que-son-las-criptomonedas\/","article_modified_time":"2020-09-22T14:33:23+00:00","twitter_card":"summary_large_image","twitter_misc":{"Est. reading time":"4 minutes"},"schema":{"@context":"https:\/\/schema.org","@graph":[{"@type":"WebPage","@id":"https:\/\/www.reviforex.com\/es\/que-son-las-criptomonedas\/","url":"https:\/\/www.reviforex.com\/es\/que-son-las-criptomonedas\/","name":"\u00bfQu\u00e9 son las criptomonedas? Explicaci\u00f3n - ReviForex","isPartOf":{"@id":"https:\/\/www.reviforex.com\/es\/#website"},"datePublished":"2020-07-21T11:10:46+00:00","dateModified":"2020-09-22T14:33:23+00:00","description":"\u00bfC\u00f3mo funcionan las criptomonedas? \u00bfQu\u00e9 es una criptomoneda? En este apartado te lo explicamos en detalle, explicado de manera muy sencilla","breadcrumb":{"@id":"https:\/\/www.reviforex.com\/es\/que-son-las-criptomonedas\/#breadcrumb"},"inLanguage":"en-US","potentialAction":[{"@type":"ReadAction","target":["https:\/\/www.reviforex.com\/es\/que-son-las-criptomonedas\/"]}]},{"@type":"BreadcrumbList","@id":"https:\/\/www.reviforex.com\/es\/que-son-las-criptomonedas\/#breadcrumb","itemListElement":[{"@type":"ListItem","position":1,"name":"Home","item":"https:\/\/www.reviforex.com\/es\/"},{"@type":"ListItem","position":2,"name":"\u00bfQu\u00e9 son las criptomonedas?"}]},{"@type":"WebSite","@id":"https:\/\/www.reviforex.com\/es\/#website","url":"https:\/\/www.reviforex.com\/es\/","name":"","description":"Rese\u00f1as, valoraciones y an\u00e1lisis de brokers","potentialAction":[{"@type":"SearchAction","target":{"@type":"EntryPoint","urlTemplate":"https:\/\/www.reviforex.com\/es\/?s={search_term_string}"},"query-input":{"@type":"PropertyValueSpecification","valueRequired":true,"valueName":"search_term_string"}}],"inLanguage":"en-US"}]}},"_links":{"self":[{"href":"https:\/\/www.reviforex.com\/es\/wp-json\/wp\/v2\/pages\/2675","targetHints":{"allow":["GET"]}}],"collection":[{"href":"https:\/\/www.reviforex.com\/es\/wp-json\/wp\/v2\/pages"}],"about":[{"href":"https:\/\/www.reviforex.com\/es\/wp-json\/wp\/v2\/types\/page"}],"author":[{"embeddable":true,"href":"https:\/\/www.reviforex.com\/es\/wp-json\/wp\/v2\/users\/1"}],"replies":[{"embeddable":true,"href":"https:\/\/www.reviforex.com\/es\/wp-json\/wp\/v2\/comments?post=2675"}],"version-history":[{"count":5,"href":"https:\/\/www.reviforex.com\/es\/wp-json\/wp\/v2\/pages\/2675\/revisions"}],"predecessor-version":[{"id":3330,"href":"https:\/\/www.reviforex.com\/es\/wp-json\/wp\/v2\/pages\/2675\/revisions\/3330"}],"wp:attachment":[{"href":"https:\/\/www.reviforex.com\/es\/wp-json\/wp\/v2\/media?parent=2675"}],"curies":[{"name":"wp","href":"https:\/\/api.w.org\/{rel}","templated":true}]}}