{"id":2674,"date":"2020-07-21T11:20:28","date_gmt":"2020-07-21T11:20:28","guid":{"rendered":"https:\/\/www.reviforex.com\/?page_id=2674"},"modified":"2020-08-31T13:06:41","modified_gmt":"2020-08-31T13:06:41","slug":"informacion-brokers-empresas-inversion","status":"publish","type":"page","link":"https:\/\/www.reviforex.com\/es\/informacion-brokers-empresas-inversion\/","title":{"rendered":"Informaci\u00f3n para brokers &#8211; Empresas de inversi\u00f3n"},"content":{"rendered":"<h5 style=\"text-align: left;\">\u00bfTe gustar\u00eda que tu broker figure en nuestro sitio web?<\/h5>\n<h5 style=\"text-align: left;\">\u00bfHas encontrado una rese\u00f1a del broker que representas con informaci\u00f3n err\u00f3nea? \u00bfHas encontrado una rese\u00f1a de tu broker con informaci\u00f3n desactualizada? \u00bfTe gustar\u00eda comentarnos algo sobre una rese\u00f1a?<\/h5>\n<h5 style=\"text-align: left;\">Con gusto recibiremos tus comentarios. Te responderemos lo antes posible.<\/h5>\n<h5 style=\"text-align: left;\">Puedes escribirnos un mensaje a trav\u00e9s de nuestra secci\u00f3n de contacto mencion\u00e1ndonos tus dudas o sugerencias.<\/h5>\n","protected":false},"excerpt":{"rendered":"<p>\u00bfTe gustar\u00eda que tu broker figure en nuestro sitio web? \u00bfHas encontrado una rese\u00f1a del broker que representas con informaci\u00f3n err\u00f3nea? \u00bfHas encontrado una rese\u00f1a de tu broker con informaci\u00f3n desactualizada? \u00bfTe gustar\u00eda comentarnos algo sobre una rese\u00f1a? Con gusto recibiremos tus comentarios. Te responderemos lo antes posible. Puedes escribirnos un mensaje a trav\u00e9s de nuestra secci\u00f3n de contacto mencion\u00e1ndonos tus dudas o sugerencias.<\/p>\n","protected":false},"author":1,"featured_media":0,"parent":0,"menu_order":0,"comment_status":"closed","ping_status":"closed","template":"","meta":{"pagelayer_contact_templates":[],"_pagelayer_content":"","footnotes":""},"class_list":["post-2674","page","type-page","status-publish","hentry"],"yoast_head":"<!-- This site is optimized with the Yoast SEO plugin v23.9 - https:\/\/yoast.com\/wordpress\/plugins\/seo\/ -->\n<title>Informaci\u00f3n para Brokers - Empresas de inversi\u00f3n - ReviForex<\/title>\n<meta name=\"description\" content=\"\u00bfFormas parte de un broker y te gustar\u00eda contactar con nosotros? \u00bfTienes alguna duda o pregunta sobre nuestros listados? En este apartado te explicamos todo\" \/>\n<meta name=\"robots\" content=\"index, follow, max-snippet:-1, max-image-preview:large, max-video-preview:-1\" \/>\n<link rel=\"canonical\" href=\"https:\/\/www.reviforex.com\/es\/informacion-brokers-empresas-inversion\/\" \/>\n<meta property=\"og:locale\" content=\"en_US\" \/>\n<meta property=\"og:type\" content=\"article\" \/>\n<meta property=\"og:title\" content=\"Informaci\u00f3n para Brokers - Empresas de inversi\u00f3n - ReviForex\" \/>\n<meta property=\"og:description\" content=\"\u00bfFormas parte de un broker y te gustar\u00eda contactar con nosotros? \u00bfTienes alguna duda o pregunta sobre nuestros listados? En este apartado te explicamos todo\" \/>\n<meta property=\"og:url\" content=\"https:\/\/www.reviforex.com\/es\/informacion-brokers-empresas-inversion\/\" \/>\n<meta property=\"article:modified_time\" content=\"2020-08-31T13:06:41+00:00\" \/>\n<meta name=\"twitter:card\" content=\"summary_large_image\" \/>\n<script type=\"application\/ld+json\" class=\"yoast-schema-graph\">{\"@context\":\"https:\/\/schema.org\",\"@graph\":[{\"@type\":\"WebPage\",\"@id\":\"https:\/\/www.reviforex.com\/es\/informacion-brokers-empresas-inversion\/\",\"url\":\"https:\/\/www.reviforex.com\/es\/informacion-brokers-empresas-inversion\/\",\"name\":\"Informaci\u00f3n para Brokers - Empresas de inversi\u00f3n - ReviForex\",\"isPartOf\":{\"@id\":\"https:\/\/www.reviforex.com\/es\/#website\"},\"datePublished\":\"2020-07-21T11:20:28+00:00\",\"dateModified\":\"2020-08-31T13:06:41+00:00\",\"description\":\"\u00bfFormas parte de un broker y te gustar\u00eda contactar con nosotros? \u00bfTienes alguna duda o pregunta sobre nuestros listados? En este apartado te explicamos todo\",\"breadcrumb\":{\"@id\":\"https:\/\/www.reviforex.com\/es\/informacion-brokers-empresas-inversion\/#breadcrumb\"},\"inLanguage\":\"en-US\",\"potentialAction\":[{\"@type\":\"ReadAction\",\"target\":[\"https:\/\/www.reviforex.com\/es\/informacion-brokers-empresas-inversion\/\"]}]},{\"@type\":\"BreadcrumbList\",\"@id\":\"https:\/\/www.reviforex.com\/es\/informacion-brokers-empresas-inversion\/#breadcrumb\",\"itemListElement\":[{\"@type\":\"ListItem\",\"position\":1,\"name\":\"Home\",\"item\":\"https:\/\/www.reviforex.com\/es\/\"},{\"@type\":\"ListItem\",\"position\":2,\"name\":\"Informaci\u00f3n para brokers &#8211; Empresas de inversi\u00f3n\"}]},{\"@type\":\"WebSite\",\"@id\":\"https:\/\/www.reviforex.com\/es\/#website\",\"url\":\"https:\/\/www.reviforex.com\/es\/\",\"name\":\"\",\"description\":\"Rese\u00f1as, valoraciones y an\u00e1lisis de brokers\",\"potentialAction\":[{\"@type\":\"SearchAction\",\"target\":{\"@type\":\"EntryPoint\",\"urlTemplate\":\"https:\/\/www.reviforex.com\/es\/?s={search_term_string}\"},\"query-input\":{\"@type\":\"PropertyValueSpecification\",\"valueRequired\":true,\"valueName\":\"search_term_string\"}}],\"inLanguage\":\"en-US\"}]}<\/script>\n<!-- \/ Yoast SEO plugin. -->","yoast_head_json":{"title":"Informaci\u00f3n para Brokers - Empresas de inversi\u00f3n - ReviForex","description":"\u00bfFormas parte de un broker y te gustar\u00eda contactar con nosotros? \u00bfTienes alguna duda o pregunta sobre nuestros listados? En este apartado te explicamos todo","robots":{"index":"index","follow":"follow","max-snippet":"max-snippet:-1","max-image-preview":"max-image-preview:large","max-video-preview":"max-video-preview:-1"},"canonical":"https:\/\/www.reviforex.com\/es\/informacion-brokers-empresas-inversion\/","og_locale":"en_US","og_type":"article","og_title":"Informaci\u00f3n para Brokers - Empresas de inversi\u00f3n - ReviForex","og_description":"\u00bfFormas parte de un broker y te gustar\u00eda contactar con nosotros? \u00bfTienes alguna duda o pregunta sobre nuestros listados? En este apartado te explicamos todo","og_url":"https:\/\/www.reviforex.com\/es\/informacion-brokers-empresas-inversion\/","article_modified_time":"2020-08-31T13:06:41+00:00","twitter_card":"summary_large_image","schema":{"@context":"https:\/\/schema.org","@graph":[{"@type":"WebPage","@id":"https:\/\/www.reviforex.com\/es\/informacion-brokers-empresas-inversion\/","url":"https:\/\/www.reviforex.com\/es\/informacion-brokers-empresas-inversion\/","name":"Informaci\u00f3n para Brokers - Empresas de inversi\u00f3n - ReviForex","isPartOf":{"@id":"https:\/\/www.reviforex.com\/es\/#website"},"datePublished":"2020-07-21T11:20:28+00:00","dateModified":"2020-08-31T13:06:41+00:00","description":"\u00bfFormas parte de un broker y te gustar\u00eda contactar con nosotros? \u00bfTienes alguna duda o pregunta sobre nuestros listados? En este apartado te explicamos todo","breadcrumb":{"@id":"https:\/\/www.reviforex.com\/es\/informacion-brokers-empresas-inversion\/#breadcrumb"},"inLanguage":"en-US","potentialAction":[{"@type":"ReadAction","target":["https:\/\/www.reviforex.com\/es\/informacion-brokers-empresas-inversion\/"]}]},{"@type":"BreadcrumbList","@id":"https:\/\/www.reviforex.com\/es\/informacion-brokers-empresas-inversion\/#breadcrumb","itemListElement":[{"@type":"ListItem","position":1,"name":"Home","item":"https:\/\/www.reviforex.com\/es\/"},{"@type":"ListItem","position":2,"name":"Informaci\u00f3n para brokers &#8211; Empresas de inversi\u00f3n"}]},{"@type":"WebSite","@id":"https:\/\/www.reviforex.com\/es\/#website","url":"https:\/\/www.reviforex.com\/es\/","name":"","description":"Rese\u00f1as, valoraciones y an\u00e1lisis de brokers","potentialAction":[{"@type":"SearchAction","target":{"@type":"EntryPoint","urlTemplate":"https:\/\/www.reviforex.com\/es\/?s={search_term_string}"},"query-input":{"@type":"PropertyValueSpecification","valueRequired":true,"valueName":"search_term_string"}}],"inLanguage":"en-US"}]}},"_links":{"self":[{"href":"https:\/\/www.reviforex.com\/es\/wp-json\/wp\/v2\/pages\/2674","targetHints":{"allow":["GET"]}}],"collection":[{"href":"https:\/\/www.reviforex.com\/es\/wp-json\/wp\/v2\/pages"}],"about":[{"href":"https:\/\/www.reviforex.com\/es\/wp-json\/wp\/v2\/types\/page"}],"author":[{"embeddable":true,"href":"https:\/\/www.reviforex.com\/es\/wp-json\/wp\/v2\/users\/1"}],"replies":[{"embeddable":true,"href":"https:\/\/www.reviforex.com\/es\/wp-json\/wp\/v2\/comments?post=2674"}],"version-history":[{"count":5,"href":"https:\/\/www.reviforex.com\/es\/wp-json\/wp\/v2\/pages\/2674\/revisions"}],"predecessor-version":[{"id":3216,"href":"https:\/\/www.reviforex.com\/es\/wp-json\/wp\/v2\/pages\/2674\/revisions\/3216"}],"wp:attachment":[{"href":"https:\/\/www.reviforex.com\/es\/wp-json\/wp\/v2\/media?parent=2674"}],"curies":[{"name":"wp","href":"https:\/\/api.w.org\/{rel}","templated":true}]}}