{"id":21443,"date":"2022-11-11T22:37:44","date_gmt":"2022-11-11T22:37:44","guid":{"rendered":"https:\/\/www.reviforex.com\/?page_id=21443"},"modified":"2023-05-31T17:10:38","modified_gmt":"2023-05-31T17:10:38","slug":"analisis-billions-trade-club","status":"publish","type":"page","link":"https:\/\/www.reviforex.com\/es\/analisis-billions-trade-club\/","title":{"rendered":"\u00bfBillions Trade Club es un broker seguro? &#8211; \u00bfBillions Trade Club es una estafa?"},"content":{"rendered":"<h3 style=\"text-align: center;\"><img fetchpriority=\"high\" decoding=\"async\"  class=\"aligncenter size-full wp-image-1771\" src=\"data:image\/gif,GIF89a%01%00%01%00%80%00%00%00%00%00%FF%FF%FF%21%F9%04%01%00%00%00%00%2C%00%00%00%00%01%00%01%00%00%02%01D%00%3B\" data-layzr=\"https:\/\/www.reviforex.com\/wp-content\/uploads\/2022\/11\/billions-trade-club-resena-y-opinion.jpg\" alt=\"Billions Trade Club: rese\u00f1a y opini\u00f3n\" width=\"648\" height=\"200\" \/><\/h3>\n<p style=\"text-align: left;\">En ReviForex nos gusta tomarnos la molestia de determinar si los brokers son seguros, o si se trata de otra estafa del mundo de las inversiones. \u00bfC\u00f3mo determinamos si un broker es seguro o una estafa m\u00e1s? Sabemos perfectamente c\u00f3mo detectar brokers que se dedican a estafar, sabemos exactamente qu\u00e9 buscar al analizar un broker.<\/p>\n<p style=\"text-align: left;\">Te invitamos a comprobar la siguiente rese\u00f1a de Billions Trade Club, donde tuvimos en cuenta factores de importancia para clasificar y puntuar al broker. M\u00e1s abajo podr\u00e1s encontrar nuestra conclusi\u00f3n sobre Billions Trade Club.<\/p>\n<p style=\"text-align: center;\"><div class=\"wptb-table-container wptb-table-3037\"><div class=\"wptb-table-container-matrix\" id=\"wptb-table-id-3037\" data-wptb-version=\"1.6.4\" data-wptb-pro-status=\"false\"><table class=\"wptb-preview-table wptb-element-main-table_setting-2718\" data-reconstraction=\"1\" style=\"border: 1px solid rgb(168, 168, 168);\" data-wptb-table-tds-sum-max-width=\"261.6\" data-wptb-cells-width-auto-count=\"2\" data-wptb-table-alignment=\"center\" data-table-columns=\"2\" data-wptb-horizontal-scroll-status=\"false\" data-wptb-extra-styles=\"LyogRW50ZXIgeW91ciBjdXN0b20gQ1NTIHJ1bGVzIGhlcmUgKi8=\" role=\"table\"><tbody><tr class=\"wptb-row\"><td class=\"wptb-cell\" style=\"border-width: 1px; border-color: rgb(168, 168, 168);\" data-x-index=\"0\" data-wptb-css-td-auto-width=\"true\" data-y-index=\"0\"><div class=\"wptb-text-container wptb-ph-element wptb-element-text-8\" style=\"font-size: 18px; color: rgb(63, 145, 45);\"><div class=\"\" style=\"position: relative;\"><p style=\"text-align: center;\"><em><strong>&#10003;<\/strong><\/em><strong>&nbsp; VE<\/strong><strong>NTAJAS<\/strong><\/p><\/div><\/div><\/td><td class=\"wptb-cell\" style=\"border-width: 1px; border-color: rgb(168, 168, 168);\" data-x-index=\"1\" data-wptb-css-td-auto-width=\"true\" data-y-index=\"0\"><div class=\"wptb-text-container wptb-ph-element wptb-element-text-12\" style=\"font-size: 18px; color: rgb(221, 51, 51);\"><div class=\"\" style=\"position: relative;\"><p style=\"text-align: center;\"><strong>&#10005;<\/strong><strong> DESVENTA<\/strong><strong>JAS<\/strong><\/p><\/div><\/div><\/td><\/tr><tr class=\"wptb-row\"><td class=\"wptb-cell\" data-x-index=\"0\" style=\"border-width: 1px; border-color: rgb(168, 168, 168);\" data-wptb-css-td-auto-width=\"true\" data-wptb-title-column=\"\" data-wptb-title-column-font-size=\"\" data-wptb-title-column-color=\"\" data-wptb-title-background-color=\"rgb(238, 238, 238)\" data-wptb-title-align=\"\" data-y-index=\"1\"><div class=\"wptb-text-container wptb-ph-element wptb-element-text-17\"><div class=\"\" style=\"position: relative;\"><p style=\"text-align: center;\">&nbsp;- <\/p><\/div><\/div><\/td><td class=\"wptb-cell\" data-x-index=\"1\" style=\"border-width: 1px; border-color: rgb(168, 168, 168);\" data-wptb-css-td-auto-width=\"true\" data-wptb-title-column=\"\" data-wptb-title-column-font-size=\"\" data-wptb-title-column-color=\"\" data-wptb-title-background-color=\"rgb(238, 238, 238)\" data-wptb-title-align=\"\" data-y-index=\"1\"><div class=\"wptb-text-container wptb-ph-element wptb-element-text-6\"><div class=\"\" style=\"position: relative;\"><p style=\"text-align: center;\">&#10005;&nbsp;Sin regulaci&oacute;n<\/p><\/div><\/div><\/td><\/tr><tr class=\"wptb-row\"><td class=\"wptb-cell\" data-x-index=\"0\" style=\"border-width: 1px; border-color: rgb(168, 168, 168);\" data-wptb-css-td-auto-width=\"true\" data-wptb-title-column=\"\" data-wptb-title-column-font-size=\"\" data-wptb-title-column-color=\"\" data-wptb-title-background-color=\"rgb(238, 238, 238)\" data-wptb-title-align=\"\" data-y-index=\"2\"><div class=\"wptb-text-container wptb-ph-element wptb-element-text-16\"><div class=\"\" style=\"position: relative;\"><p style=\"text-align: center;\">&nbsp;- <\/p><\/div><\/div><\/td><td class=\"wptb-cell\" data-x-index=\"1\" style=\"border-width: 1px; border-color: rgb(168, 168, 168);\" data-wptb-css-td-auto-width=\"true\" data-wptb-title-column=\"\" data-wptb-title-column-font-size=\"\" data-wptb-title-column-color=\"\" data-wptb-title-background-color=\"rgb(238, 238, 238)\" data-wptb-title-align=\"\" data-y-index=\"2\"><div class=\"wptb-text-container wptb-ph-element wptb-element-text-9\"><div class=\"\" style=\"position: relative;\"><p style=\"text-align: center;\">&#10005;&nbsp;Ubicaci&oacute;n muy poco segura<\/p><\/div><\/div><\/td><\/tr><tr class=\"wptb-row\"><td class=\"wptb-cell\" data-x-index=\"0\" style=\"border-width: 1px; border-color: rgb(168, 168, 168);\" data-wptb-css-td-auto-width=\"true\" data-wptb-title-column=\"\" data-wptb-title-column-font-size=\"\" data-wptb-title-column-color=\"\" data-wptb-title-background-color=\"rgb(238, 238, 238)\" data-wptb-title-align=\"\" data-y-index=\"3\"><div class=\"wptb-text-container wptb-ph-element wptb-element-text-18\"><div class=\"\" style=\"position: relative;\"><p style=\"text-align: center;\">&nbsp;- <\/p><\/div><\/div><\/td><td class=\"wptb-cell\" data-x-index=\"1\" style=\"border-width: 1px; border-color: rgb(168, 168, 168);\" data-wptb-css-td-auto-width=\"true\" data-wptb-title-column=\"\" data-wptb-title-column-font-size=\"\" data-wptb-title-column-color=\"\" data-wptb-title-background-color=\"rgb(238, 238, 238)\" data-wptb-title-align=\"\" data-y-index=\"3\"><div class=\"wptb-text-container wptb-ph-element wptb-element-text-7\" style=\"color: rgb(74, 85, 104); font-size: 15px;\"><div class=\"\" style=\"position: relative;\"><p style=\"text-align: center;\">&#10005; Empresa poco transparente<\/p><\/div><\/div><\/td><\/tr><tr class=\"wptb-row\"><td class=\"wptb-cell\" data-x-index=\"0\" style=\"border-width: 1px; border-color: rgb(168, 168, 168);\" data-wptb-css-td-auto-width=\"true\" data-wptb-title-column=\"\" data-wptb-title-column-font-size=\"\" data-wptb-title-column-color=\"\" data-wptb-title-background-color=\"rgb(238, 238, 238)\" data-wptb-title-align=\"\" data-y-index=\"4\"><div class=\"wptb-text-container wptb-ph-element wptb-element-text-11\"><div class=\"\" style=\"position: relative;\"><p style=\"text-align: center;\">&nbsp;- <\/p><\/div><\/div><\/td><td class=\"wptb-cell\" data-x-index=\"1\" style=\"border-width: 1px; border-color: rgb(168, 168, 168);\" data-wptb-css-td-auto-width=\"true\" data-wptb-title-column=\"\" data-wptb-title-column-font-size=\"\" data-wptb-title-column-color=\"\" data-wptb-title-background-color=\"rgb(238, 238, 238)\" data-wptb-title-align=\"\" data-y-index=\"4\"><div class=\"wptb-text-container wptb-ph-element wptb-element-text-13\" style=\"color: rgb(74, 85, 104); font-size: 15px;\"><div class=\"\" style=\"position: relative;\"><p style=\"text-align: center;\">&#10005; Sin autorizaci&oacute;n para ofrecer servicios financieros<\/p><\/div><\/div><\/td><\/tr><tr class=\"wptb-row\"><td class=\"wptb-cell\" data-x-index=\"0\" style=\"border-width: 1px; border-color: rgb(168, 168, 168);\" data-wptb-css-td-auto-width=\"true\" data-wptb-title-column=\"\" data-wptb-title-column-font-size=\"\" data-wptb-title-column-color=\"\" data-wptb-title-background-color=\"rgb(238, 238, 238)\" data-wptb-title-align=\"\" data-y-index=\"5\"><div class=\"wptb-text-container wptb-ph-element wptb-element-text-19\"><div class=\"\" style=\"position: relative;\"><p style=\"text-align: center;\">&nbsp;- <\/p><\/div><\/div><\/td><td class=\"wptb-cell\" data-x-index=\"1\" style=\"border-width: 1px; border-color: rgb(168, 168, 168);\" data-wptb-css-td-auto-width=\"true\" data-wptb-title-column=\"\" data-wptb-title-column-font-size=\"\" data-wptb-title-column-color=\"\" data-wptb-title-background-color=\"rgb(238, 238, 238)\" data-wptb-title-align=\"\" data-y-index=\"5\"><div class=\"wptb-text-container wptb-ph-element wptb-element-text-15\" style=\"color: rgb(74, 85, 104); font-size: 15px;\"><div class=\"\" style=\"position: relative;\"><p style=\"text-align: center;\">&#10005; En general una opci&oacute;n muy poco segura<\/p><\/div><\/div><\/td><\/tr><\/tbody><\/table><\/div><\/div>\n<\/p>\n<h3 style=\"text-align: left;\"><span style=\"color: #ff0000;\">Informaci\u00f3n fundamental<\/span><\/h3>\n<blockquote>\n<p style=\"text-align: left;\"><strong>Tipo de empresa<\/strong>: academia de trading<\/p>\n<p style=\"text-align: left;\"><strong>Regulaci\u00f3n:<\/strong> Billions Trade Club es un broker no regulado \/ sin licencia &#8211; TEN CUIDADO<strong> &#8211;<\/strong><\/p>\n<p style=\"text-align: left;\"><strong>Locaci\u00f3n<\/strong>: Desconocida<\/p>\n<p style=\"text-align: left;\"><strong>Parte de<\/strong>: No es mencionado<\/p>\n<h3 style=\"text-align: left;\"><\/h3>\n<h3 style=\"text-align: left;\">Tipos de cuentas<\/h3>\n<p style=\"text-align: left;\">Los tipos de cuentas comerciales que Billions Trade Club ofrece son: notamos que Billions Trade Club no menciona poseer diferentes tipos de cuenta.<\/p>\n<h3 style=\"text-align: left;\"><\/h3>\n<h3 style=\"text-align: left;\"><\/h3>\n<h3 style=\"text-align: left;\">Plataforma de negociaci\u00f3n &#8211; De trading<\/h3>\n<p style=\"text-align: left;\">Plataforma de negociaci\u00f3n: plataforma propia de Billions Trade Club.<\/p>\n<h3 style=\"text-align: left;\"><\/h3>\n<h3 style=\"text-align: left;\">Capturas del sitio web<\/h3>\n<p>&nbsp;<\/p>\n<p><img decoding=\"async\"  class=\"aligncenter size-full wp-image-1769\" src=\"data:image\/gif,GIF89a%01%00%01%00%80%00%00%00%00%00%FF%FF%FF%21%F9%04%01%00%00%00%00%2C%00%00%00%00%01%00%01%00%00%02%01D%00%3B\" data-layzr=\"https:\/\/www.reviforex.com\/wp-content\/uploads\/2022\/11\/pagina-web-billions-trade-club.jpg\" alt=\"P\u00e1gina web de Billions Trade Club\" width=\"1220\" height=\"730\" \/><\/p>\n<p>&nbsp;<\/p>\n<h3><\/h3>\n<h3><\/h3>\n<h3 style=\"text-align: left;\">M\u00e1s informaci\u00f3n &#8211; Medios de contacto<\/h3>\n<p style=\"text-align: left;\"><strong>N\u00famero de Tel\u00e9fono<\/strong>: no posee<\/p>\n<p style=\"text-align: left;\"><strong>Correo Electr\u00f3nico<\/strong>: no posee<\/p>\n<p style=\"text-align: left;\"><strong>Sitio web<\/strong>: clubdeingresos.club<\/p>\n<h3 style=\"text-align: left;\"><\/h3>\n<h3 style=\"text-align: left;\"><\/h3>\n<blockquote>\n<h3 style=\"text-align: left;\"><span style=\"color: #ff0000;\">Conclusi\u00f3n sobre Billions Trade Club &#8211; \u00bfEs una estafa o es una empresa segura?<\/span><\/h3>\n<h5 style=\"text-align: left;\">Lamentablemente, debido a las siguientes caracter\u00edsticas:<\/h5>\n<p style=\"text-align: left;\"><span style=\"color: #000000;\">&#8211; Falta de regulaci\u00f3n (broker sin autorizaci\u00f3n \/ sin licencia)<\/span><br \/>\n<span style=\"color: #000000;\">&#8211; A\u00f1adido a la lista negra de reguladores financieros<\/span><br \/>\n<span style=\"color: #000000;\">&#8211; Reputaci\u00f3n muy negativa<\/span><br \/>\n<span style=\"color: #000000;\">&#8211; Desconocemos su ubicaci\u00f3n<\/span><br \/>\n<span style=\"color: #000000;\">&#8211; Billions Trade Club provee muy poca informaci\u00f3n sobre la empresa (esconde informaci\u00f3n importante &#8211; empresa poco transparente)<\/span><br \/>\n<span style=\"color: #000000;\">&#8211; Ofrece productos financieros de alto riesgo<\/span><br \/>\n<span style=\"color: #000000;\">&#8211; Menciona rentabilidades &#8211; ganancias rid\u00edculamente altas<\/span><\/p>\n<header class=\"vc_cta3-content-header\">\n<h2 style=\"text-align: left;\"><span style=\"color: #ff0000;\">Conclusi\u00f3n<\/span><\/h2>\n<\/header>\n<h5 style=\"text-align: left;\"><span style=\"color: #808080;\">Hemos decidido agregar a Billions Trade Club a nuestra lista negra de brokers estafadores. Todo indica que se trata de otra estafa. Recomendamos no abrir sus correos electr\u00f3nicos, no contestar el tel\u00e9fono si un agente de Billions Trade Club te llama. Da aviso a tu familia y conocidos sobre esta estafa.<\/span><\/h5>\n<hr \/>\n<hr \/>\n<\/blockquote>\n<p style=\"text-align: left;\"><span style=\"color: #808080;\"><em>\u00bfTienes informaci\u00f3n interna sobre este broker? \u00bfCrees o sabes si tienen un comportamiento poco profesional con sus clientes? Estamos interesados en esta informaci\u00f3n. D\u00e9janos un comentario, tus datos est\u00e1n protegidos y nunca ser\u00e1n compartidos con terceros. (Adem\u00e1s, si as\u00ed lo deseas, puedes optar por comentar de manera an\u00f3nima).<\/em><\/span><\/p>\n<p style=\"text-align: left;\"><span style=\"color: #808080;\"><em>\u00bfQu\u00e9 opinas sobre Billions Trade Club? \u00bfC\u00f3mo calificar\u00edas a Billions Trade Club? \u00bfQu\u00e9 opinas de nuestra valoraci\u00f3n sobre este broker?<\/em><\/span><\/p>\n<p style=\"text-align: left;\"><span style=\"color: #808080;\"><em>Deja un comentario. Comparte tu experiencia con nosotros. Puedes ayudar a inversores que buscan informaci\u00f3n sobre este broker<\/em><\/span><span style=\"color: #808080;\"><em>.<\/em><\/span><\/p>\n<p style=\"text-align: center;\"><div class=\"wptb-table-container wptb-table-3043\"><div class=\"wptb-table-container-matrix\" id=\"wptb-table-id-3043\" data-wptb-version=\"1.6.4\" data-wptb-pro-status=\"false\"><table class=\"wptb-preview-table wptb-element-main-table_setting-2744 wptb-table-preview-head\" data-reconstraction=\"1\" style=\"border: 1px solid rgb(145, 145, 145);\" data-wptb-table-tds-sum-max-width=\"320\" data-wptb-cells-width-auto-count=\"3\" data-wptb-td-width-auto=\"76\" data-table-columns=\"2\" data-wptb-adaptive-table=\"1\"><tbody><tr class=\"wptb-row\" style=\"background-color: rgb(255, 255, 255);\"><td class=\"wptb-cell\" data-x-index=\"0\" style=\"border-width: 1px; border-style: none; border-color: rgb(145, 145, 145);\" data-wptb-css-td-auto-width=\"true\"><div class=\"wptb-image-container wptb-ph-element wptb-element-image-1\"><div class=\"wptb-image-wrapper\">            <a style=\"display: block; width: 58%;\" class=\"\"><img decoding=\"async\" src=\"\/\/www.reviforex.com\/wp-content\/uploads\/2020\/07\/fotos-sml-1.jpg\" height=\"117\" width=\"116\" style=\"width: 100%;\" class=\" wptb-image-element-target\"><\/a>        <\/div><\/div><\/td><td class=\"wptb-cell wptb-element-table_cell_setting-2744\" style=\"border-width: 1px; border-style: none; border-color: rgb(145, 145, 145);\" data-x-index=\"1\" data-wptb-css-td-auto-width=\"true\"><div class=\"wptb-text-container wptb-ph-element wptb-element-text-1\" style=\"font-size: 12px;\"><div class=\"\" style=\"position: relative;\"><p>&ldquo;Una muy mala idea. Empresa poco transparente, poco segura, ubicaci&oacute;n desconocida o en un lugar muy poco seguro. Recomiendo evitar a este tipo de empresas.&rdquo;<\/p><\/div><\/div><div class=\"wptb-text-container wptb-ph-element wptb-element-text-2\" style=\"color: rgb(229, 26, 11); font-size: 14px;\"><div class=\"\" style=\"position: relative;\"><p><strong>1.0 \/ 5.0 <em>-Evaluado por Diego E. Mart&iacute;nez<\/em><\/strong><\/p><\/div><\/div><\/td><td class=\"wptb-cell\" data-x-index=\"2\" style=\"border-width: 1px; border-style: none; border-color: rgb(145, 145, 145);\" data-wptb-css-td-auto-width=\"true\"><div class=\"wptb-text-container wptb-ph-element wptb-element-text-3\"><div class=\"\" style=\"position: relative;\"><p style=\"text-align: center;\"><strong>&iquest;Quieres saber un poco m&aacute;s sobre m&iacute;?<\/strong><br><br><\/p><\/div><\/div><div class=\"wptb-button-container wptb-ph-element wptb-element-button-1\"><div class=\"wptb-button-wrapper wptb-size-m\" style=\"justify-content: center;\">            <a class=\"\" target=\"_blank\" href=\"https:\/\/www.reviforex.com\/es\/soy-diego-e-martinez\/\">                <div class=\"wptb-button\" style=\"position: relative; transform: scale(1);\" data-wptb-element-bg-color=\"rgb(50, 157, 63)\" data-wptb-element-color=\"rgb(255, 255, 255)\" data-wptb-element-hover-scale=\"1\"><p style=\"font-size: 13px;\">&iquest;Quien es Diego E. Mart&iacute;nez?<\/p><div class=\"wptb-button-icon\" data-wptb-button-icon-src=\"\"><br><\/div><\/div>            <\/a>        <\/div><\/div><\/td><\/tr><\/tbody><\/table><\/div><\/div>\n<\/p>\n<\/blockquote>\n","protected":false},"excerpt":{"rendered":"<p>En ReviForex nos gusta tomarnos la molestia de determinar si los brokers son seguros, o si se trata de otra estafa del mundo de las inversiones. \u00bfC\u00f3mo determinamos si un broker es seguro o una estafa m\u00e1s? Sabemos perfectamente c\u00f3mo detectar brokers que se dedican a estafar, sabemos exactamente qu\u00e9 buscar al analizar un broker. Te invitamos a comprobar la siguiente rese\u00f1a de Billions Trade Club, donde tuvimos en cuenta factores de importancia para clasificar y puntuar al broker. M\u00e1s abajo podr\u00e1s encontrar nuestra conclusi\u00f3n sobre Billions Trade Club. Informaci\u00f3n fundamental Tipo de empresa: academia de trading Regulaci\u00f3n: Billions Trade <\/p>\n","protected":false},"author":1,"featured_media":21363,"parent":0,"menu_order":0,"comment_status":"open","ping_status":"closed","template":"","meta":{"pagelayer_contact_templates":[],"_pagelayer_content":"","footnotes":""},"class_list":["post-21443","page","type-page","status-publish","has-post-thumbnail","hentry","has_thumb"],"yoast_head":"<!-- This site is optimized with the Yoast SEO plugin v23.9 - https:\/\/yoast.com\/wordpress\/plugins\/seo\/ -->\n<title>Billions Trade Club: opiniones y rese\u00f1a 2022. \u00bfEs fiable? - ReviForex<\/title>\n<meta name=\"description\" content=\"\u27a4 Descubre r\u00e1pidamente si Billions Trade Club es un broker fiable o una estafa. \u2705 Accede a opiniones reales de traders como t\u00fa y a la opini\u00f3n de nuestro analista experto de ReviForex\" \/>\n<meta name=\"robots\" content=\"index, follow, max-snippet:-1, max-image-preview:large, max-video-preview:-1\" \/>\n<link rel=\"canonical\" href=\"https:\/\/www.reviforex.com\/es\/analisis-billions-trade-club\/\" \/>\n<meta property=\"og:locale\" content=\"en_US\" \/>\n<meta property=\"og:type\" content=\"article\" \/>\n<meta property=\"og:title\" content=\"Billions Trade Club: opiniones y rese\u00f1a 2022. \u00bfEs fiable? - ReviForex\" \/>\n<meta property=\"og:description\" content=\"\u27a4 Descubre r\u00e1pidamente si Billions Trade Club es un broker fiable o una estafa. \u2705 Accede a opiniones reales de traders como t\u00fa y a la opini\u00f3n de nuestro analista experto de ReviForex\" \/>\n<meta property=\"og:url\" content=\"https:\/\/www.reviforex.com\/es\/analisis-billions-trade-club\/\" \/>\n<meta property=\"article:modified_time\" content=\"2023-05-31T17:10:38+00:00\" \/>\n<meta property=\"og:image\" content=\"https:\/\/www.reviforex.com\/wp-content\/uploads\/2022\/11\/billions-trade-club-broker.jpg\" \/>\n\t<meta property=\"og:image:width\" content=\"768\" \/>\n\t<meta property=\"og:image:height\" content=\"456\" \/>\n\t<meta property=\"og:image:type\" content=\"image\/jpeg\" \/>\n<meta name=\"twitter:card\" content=\"summary_large_image\" \/>\n<meta name=\"twitter:label1\" content=\"Est. reading time\" \/>\n\t<meta name=\"twitter:data1\" content=\"3 minutes\" \/>\n<script type=\"application\/ld+json\" class=\"yoast-schema-graph\">{\"@context\":\"https:\/\/schema.org\",\"@graph\":[{\"@type\":\"WebPage\",\"@id\":\"https:\/\/www.reviforex.com\/es\/analisis-billions-trade-club\/\",\"url\":\"https:\/\/www.reviforex.com\/es\/analisis-billions-trade-club\/\",\"name\":\"Billions Trade Club: opiniones y rese\u00f1a 2022. \u00bfEs fiable? - ReviForex\",\"isPartOf\":{\"@id\":\"https:\/\/www.reviforex.com\/es\/#website\"},\"primaryImageOfPage\":{\"@id\":\"https:\/\/www.reviforex.com\/es\/analisis-billions-trade-club\/#primaryimage\"},\"image\":{\"@id\":\"https:\/\/www.reviforex.com\/es\/analisis-billions-trade-club\/#primaryimage\"},\"thumbnailUrl\":\"https:\/\/www.reviforex.com\/wp-content\/uploads\/2022\/11\/billions-trade-club-broker.jpg\",\"datePublished\":\"2022-11-11T22:37:44+00:00\",\"dateModified\":\"2023-05-31T17:10:38+00:00\",\"description\":\"\u27a4 Descubre r\u00e1pidamente si Billions Trade Club es un broker fiable o una estafa. \u2705 Accede a opiniones reales de traders como t\u00fa y a la opini\u00f3n de nuestro analista experto de ReviForex\",\"breadcrumb\":{\"@id\":\"https:\/\/www.reviforex.com\/es\/analisis-billions-trade-club\/#breadcrumb\"},\"inLanguage\":\"en-US\",\"potentialAction\":[{\"@type\":\"ReadAction\",\"target\":[\"https:\/\/www.reviforex.com\/es\/analisis-billions-trade-club\/\"]}]},{\"@type\":\"ImageObject\",\"inLanguage\":\"en-US\",\"@id\":\"https:\/\/www.reviforex.com\/es\/analisis-billions-trade-club\/#primaryimage\",\"url\":\"https:\/\/www.reviforex.com\/wp-content\/uploads\/2022\/11\/billions-trade-club-broker.jpg\",\"contentUrl\":\"https:\/\/www.reviforex.com\/wp-content\/uploads\/2022\/11\/billions-trade-club-broker.jpg\",\"width\":768,\"height\":456},{\"@type\":\"BreadcrumbList\",\"@id\":\"https:\/\/www.reviforex.com\/es\/analisis-billions-trade-club\/#breadcrumb\",\"itemListElement\":[{\"@type\":\"ListItem\",\"position\":1,\"name\":\"Home\",\"item\":\"https:\/\/www.reviforex.com\/es\/\"},{\"@type\":\"ListItem\",\"position\":2,\"name\":\"\u00bfBillions Trade Club es un broker seguro? &#8211; \u00bfBillions Trade Club es una estafa?\"}]},{\"@type\":\"WebSite\",\"@id\":\"https:\/\/www.reviforex.com\/es\/#website\",\"url\":\"https:\/\/www.reviforex.com\/es\/\",\"name\":\"\",\"description\":\"Rese\u00f1as, valoraciones y an\u00e1lisis de brokers\",\"potentialAction\":[{\"@type\":\"SearchAction\",\"target\":{\"@type\":\"EntryPoint\",\"urlTemplate\":\"https:\/\/www.reviforex.com\/es\/?s={search_term_string}\"},\"query-input\":{\"@type\":\"PropertyValueSpecification\",\"valueRequired\":true,\"valueName\":\"search_term_string\"}}],\"inLanguage\":\"en-US\"}]}<\/script>\n<!-- \/ Yoast SEO plugin. -->","yoast_head_json":{"title":"Billions Trade Club: opiniones y rese\u00f1a 2022. \u00bfEs fiable? - ReviForex","description":"\u27a4 Descubre r\u00e1pidamente si Billions Trade Club es un broker fiable o una estafa. \u2705 Accede a opiniones reales de traders como t\u00fa y a la opini\u00f3n de nuestro analista experto de ReviForex","robots":{"index":"index","follow":"follow","max-snippet":"max-snippet:-1","max-image-preview":"max-image-preview:large","max-video-preview":"max-video-preview:-1"},"canonical":"https:\/\/www.reviforex.com\/es\/analisis-billions-trade-club\/","og_locale":"en_US","og_type":"article","og_title":"Billions Trade Club: opiniones y rese\u00f1a 2022. \u00bfEs fiable? - ReviForex","og_description":"\u27a4 Descubre r\u00e1pidamente si Billions Trade Club es un broker fiable o una estafa. \u2705 Accede a opiniones reales de traders como t\u00fa y a la opini\u00f3n de nuestro analista experto de ReviForex","og_url":"https:\/\/www.reviforex.com\/es\/analisis-billions-trade-club\/","article_modified_time":"2023-05-31T17:10:38+00:00","og_image":[{"width":768,"height":456,"url":"https:\/\/www.reviforex.com\/wp-content\/uploads\/2022\/11\/billions-trade-club-broker.jpg","type":"image\/jpeg"}],"twitter_card":"summary_large_image","twitter_misc":{"Est. reading time":"3 minutes"},"schema":{"@context":"https:\/\/schema.org","@graph":[{"@type":"WebPage","@id":"https:\/\/www.reviforex.com\/es\/analisis-billions-trade-club\/","url":"https:\/\/www.reviforex.com\/es\/analisis-billions-trade-club\/","name":"Billions Trade Club: opiniones y rese\u00f1a 2022. \u00bfEs fiable? - ReviForex","isPartOf":{"@id":"https:\/\/www.reviforex.com\/es\/#website"},"primaryImageOfPage":{"@id":"https:\/\/www.reviforex.com\/es\/analisis-billions-trade-club\/#primaryimage"},"image":{"@id":"https:\/\/www.reviforex.com\/es\/analisis-billions-trade-club\/#primaryimage"},"thumbnailUrl":"https:\/\/www.reviforex.com\/wp-content\/uploads\/2022\/11\/billions-trade-club-broker.jpg","datePublished":"2022-11-11T22:37:44+00:00","dateModified":"2023-05-31T17:10:38+00:00","description":"\u27a4 Descubre r\u00e1pidamente si Billions Trade Club es un broker fiable o una estafa. \u2705 Accede a opiniones reales de traders como t\u00fa y a la opini\u00f3n de nuestro analista experto de ReviForex","breadcrumb":{"@id":"https:\/\/www.reviforex.com\/es\/analisis-billions-trade-club\/#breadcrumb"},"inLanguage":"en-US","potentialAction":[{"@type":"ReadAction","target":["https:\/\/www.reviforex.com\/es\/analisis-billions-trade-club\/"]}]},{"@type":"ImageObject","inLanguage":"en-US","@id":"https:\/\/www.reviforex.com\/es\/analisis-billions-trade-club\/#primaryimage","url":"https:\/\/www.reviforex.com\/wp-content\/uploads\/2022\/11\/billions-trade-club-broker.jpg","contentUrl":"https:\/\/www.reviforex.com\/wp-content\/uploads\/2022\/11\/billions-trade-club-broker.jpg","width":768,"height":456},{"@type":"BreadcrumbList","@id":"https:\/\/www.reviforex.com\/es\/analisis-billions-trade-club\/#breadcrumb","itemListElement":[{"@type":"ListItem","position":1,"name":"Home","item":"https:\/\/www.reviforex.com\/es\/"},{"@type":"ListItem","position":2,"name":"\u00bfBillions Trade Club es un broker seguro? &#8211; \u00bfBillions Trade Club es una estafa?"}]},{"@type":"WebSite","@id":"https:\/\/www.reviforex.com\/es\/#website","url":"https:\/\/www.reviforex.com\/es\/","name":"","description":"Rese\u00f1as, valoraciones y an\u00e1lisis de brokers","potentialAction":[{"@type":"SearchAction","target":{"@type":"EntryPoint","urlTemplate":"https:\/\/www.reviforex.com\/es\/?s={search_term_string}"},"query-input":{"@type":"PropertyValueSpecification","valueRequired":true,"valueName":"search_term_string"}}],"inLanguage":"en-US"}]}},"_links":{"self":[{"href":"https:\/\/www.reviforex.com\/es\/wp-json\/wp\/v2\/pages\/21443","targetHints":{"allow":["GET"]}}],"collection":[{"href":"https:\/\/www.reviforex.com\/es\/wp-json\/wp\/v2\/pages"}],"about":[{"href":"https:\/\/www.reviforex.com\/es\/wp-json\/wp\/v2\/types\/page"}],"author":[{"embeddable":true,"href":"https:\/\/www.reviforex.com\/es\/wp-json\/wp\/v2\/users\/1"}],"replies":[{"embeddable":true,"href":"https:\/\/www.reviforex.com\/es\/wp-json\/wp\/v2\/comments?post=21443"}],"version-history":[{"count":2,"href":"https:\/\/www.reviforex.com\/es\/wp-json\/wp\/v2\/pages\/21443\/revisions"}],"predecessor-version":[{"id":29607,"href":"https:\/\/www.reviforex.com\/es\/wp-json\/wp\/v2\/pages\/21443\/revisions\/29607"}],"wp:featuredmedia":[{"embeddable":true,"href":"https:\/\/www.reviforex.com\/es\/wp-json\/wp\/v2\/media\/21363"}],"wp:attachment":[{"href":"https:\/\/www.reviforex.com\/es\/wp-json\/wp\/v2\/media?parent=21443"}],"curies":[{"name":"wp","href":"https:\/\/api.w.org\/{rel}","templated":true}]}}